{"id":187,"date":"2016-05-01T15:17:26","date_gmt":"2016-05-01T13:17:26","guid":{"rendered":"http:\/\/www.zvaki.info\/zvaki\/de\/bitno-prije-odluke-o-tetoviranju\/evolucija-tetoviranja\/"},"modified":"2016-05-03T20:33:39","modified_gmt":"2016-05-03T18:33:39","slug":"ueber-tattoos","status":"publish","type":"page","link":"https:\/\/www.zvaki.info\/de\/wesentlicher-vor-der-entscheidung-ueber-das-taetowieren\/ueber-tattoos\/","title":{"rendered":"\u00dcber Tattoos"},"content":{"rendered":"<p>Die T\u00e4towierkunst begann mit dem symbolischen T\u00e4towieren. Die Symbole hatten f\u00fcr alle die gleichen Bedeutungen. Z. B. Anker, Rose, Schmetterling, junge Frau. Egal, wer welches Symbol auf sich trug, andere Menschen kannten deren Bedeutung.<\/p>\n<p>Mit der Zeit begann die Evolution und es folgten andere Tattoo-K\u00fcnstler.<br \/>\nSymbole entwickelten sich weiter zu Bildern. Die Stile \u00e4nderten sich. Dies alles f\u00fchrte zu einem Umbruch in der Szene.<br \/>\nDie j\u00fcngere Generation begann mit bedeutungsvollen T\u00e4towierungen. Sie erg\u00e4nzten Symbole mit pers\u00f6nlichen Bedeutungen. Dadurch ver\u00e4nderte sich die komplette Szene\u2026 Mit den gleichen Symbolen, welche f\u00fcr jeden indivuell eine andere Bedeutung hatte.<\/p>\n<p>Heutzutage, fragt der Betrachter einer T\u00e4towierung als erstes nach der Bedeutung, und danach nach dem Preis\u2026<\/p>\n<p>Wir wiederholen die Evolution:<\/p>\n<ul>\n<li><strong>Symbole<\/strong><\/li>\n<li><strong>Bilder<\/strong><\/li>\n<li><strong>Kunst<\/strong><\/li>\n<li><strong>Pers\u00f6nliche Bedeutung<\/strong><\/li>\n<\/ul>\n<p>W\u00fcrde Sie das \u00fcberzeugen, wenn man eine pers\u00f6nliche Bedeutung in einen sch\u00f6nen Anblick verwandeln k\u00f6nnte?<\/p>\n<p><strong>Wir sagen: Es ist die Zeit f\u00fcr eine neue Evolution gekommen!!!<\/strong><\/p>\n","protected":false},"excerpt":{"rendered":"<p>Die T\u00e4towierkunst begann mit dem symbolischen T\u00e4towieren. Die Symbole hatten f\u00fcr alle die gleichen Bedeutungen. Z. B. Anker, Rose, Schmetterling, junge Frau. Egal, wer welches Symbol auf sich trug, andere Menschen kannten deren Bedeutung. Mit der Zeit begann &hellip;<\/p>\n","protected":false},"author":1,"featured_media":0,"parent":184,"menu_order":1,"comment_status":"closed","ping_status":"closed","template":"","meta":{"_acf_changed":false,"footnotes":""},"class_list":["post-187","page","type-page","status-publish","hentry"],"acf":[],"yoast_head":"<!-- This site is optimized with the Yoast SEO plugin v27.4 - https:\/\/yoast.com\/product\/yoast-seo-wordpress\/ -->\n<title>\u00dcber Tattoos - Think What You Ink<\/title>\n<meta name=\"robots\" content=\"index, follow, max-snippet:-1, max-image-preview:large, max-video-preview:-1\" \/>\n<link rel=\"canonical\" href=\"https:\/\/www.zvaki.info\/de\/wesentlicher-vor-der-entscheidung-ueber-das-taetowieren\/ueber-tattoos\/\" \/>\n<meta property=\"og:locale\" content=\"de_DE\" \/>\n<meta property=\"og:type\" content=\"article\" \/>\n<meta property=\"og:title\" content=\"\u00dcber Tattoos - Think What You Ink\" \/>\n<meta property=\"og:description\" content=\"Die T\u00e4towierkunst begann mit dem symbolischen T\u00e4towieren. Die Symbole hatten f\u00fcr alle die gleichen Bedeutungen. Z. B. Anker, Rose, Schmetterling, junge Frau. Egal, wer welches Symbol auf sich trug, andere Menschen kannten deren Bedeutung. Mit der Zeit begann &hellip;\" \/>\n<meta property=\"og:url\" content=\"https:\/\/www.zvaki.info\/de\/wesentlicher-vor-der-entscheidung-ueber-das-taetowieren\/ueber-tattoos\/\" \/>\n<meta property=\"og:site_name\" content=\"Think What You Ink\" \/>\n<meta property=\"article:publisher\" content=\"https:\/\/www.facebook.com\/anubistattoostudio\/?fref=ts\" \/>\n<meta property=\"article:modified_time\" content=\"2016-05-03T18:33:39+00:00\" \/>\n<meta property=\"og:image\" content=\"https:\/\/www.zvaki.info\/zvaki\/wp-content\/uploads\/2016\/05\/facebook.jpg\" \/>\n\t<meta property=\"og:image:width\" content=\"1200\" \/>\n\t<meta property=\"og:image:height\" content=\"630\" \/>\n\t<meta property=\"og:image:type\" content=\"image\/jpeg\" \/>\n<meta name=\"twitter:card\" content=\"summary_large_image\" \/>\n<meta name=\"twitter:label1\" content=\"Gesch\u00e4tzte Lesezeit\" \/>\n\t<meta name=\"twitter:data1\" content=\"1\u00a0Minute\" \/>\n<script type=\"application\/ld+json\" class=\"yoast-schema-graph\">{\"@context\":\"https:\\\/\\\/schema.org\",\"@graph\":[{\"@type\":\"WebPage\",\"@id\":\"https:\\\/\\\/www.zvaki.info\\\/de\\\/wesentlicher-vor-der-entscheidung-ueber-das-taetowieren\\\/ueber-tattoos\\\/\",\"url\":\"https:\\\/\\\/www.zvaki.info\\\/de\\\/wesentlicher-vor-der-entscheidung-ueber-das-taetowieren\\\/ueber-tattoos\\\/\",\"name\":\"\u00dcber Tattoos - Think What You Ink\",\"isPartOf\":{\"@id\":\"https:\\\/\\\/www.zvaki.info\\\/#website\"},\"datePublished\":\"2016-05-01T13:17:26+00:00\",\"dateModified\":\"2016-05-03T18:33:39+00:00\",\"breadcrumb\":{\"@id\":\"https:\\\/\\\/www.zvaki.info\\\/de\\\/wesentlicher-vor-der-entscheidung-ueber-das-taetowieren\\\/ueber-tattoos\\\/#breadcrumb\"},\"inLanguage\":\"de\",\"potentialAction\":[{\"@type\":\"ReadAction\",\"target\":[\"https:\\\/\\\/www.zvaki.info\\\/de\\\/wesentlicher-vor-der-entscheidung-ueber-das-taetowieren\\\/ueber-tattoos\\\/\"]}]},{\"@type\":\"BreadcrumbList\",\"@id\":\"https:\\\/\\\/www.zvaki.info\\\/de\\\/wesentlicher-vor-der-entscheidung-ueber-das-taetowieren\\\/ueber-tattoos\\\/#breadcrumb\",\"itemListElement\":[{\"@type\":\"ListItem\",\"position\":1,\"name\":\"Po\u010detna stranica\",\"item\":\"https:\\\/\\\/www.zvaki.info\\\/de\\\/\"},{\"@type\":\"ListItem\",\"position\":2,\"name\":\"Wesentlicher vor der Entscheidung \u00fcber das T\u00e4towieren\",\"item\":\"https:\\\/\\\/www.zvaki.info\\\/de\\\/wesentlicher-vor-der-entscheidung-ueber-das-taetowieren\\\/\"},{\"@type\":\"ListItem\",\"position\":3,\"name\":\"\u00dcber Tattoos\"}]},{\"@type\":\"WebSite\",\"@id\":\"https:\\\/\\\/www.zvaki.info\\\/#website\",\"url\":\"https:\\\/\\\/www.zvaki.info\\\/\",\"name\":\"Think What You Ink\",\"description\":\"Vodi\u010d kroz tetoviranje\",\"potentialAction\":[{\"@type\":\"SearchAction\",\"target\":{\"@type\":\"EntryPoint\",\"urlTemplate\":\"https:\\\/\\\/www.zvaki.info\\\/?s={search_term_string}\"},\"query-input\":{\"@type\":\"PropertyValueSpecification\",\"valueRequired\":true,\"valueName\":\"search_term_string\"}}],\"inLanguage\":\"de\"}]}<\/script>\n<!-- \/ Yoast SEO plugin. -->","yoast_head_json":{"title":"\u00dcber Tattoos - Think What You Ink","robots":{"index":"index","follow":"follow","max-snippet":"max-snippet:-1","max-image-preview":"max-image-preview:large","max-video-preview":"max-video-preview:-1"},"canonical":"https:\/\/www.zvaki.info\/de\/wesentlicher-vor-der-entscheidung-ueber-das-taetowieren\/ueber-tattoos\/","og_locale":"de_DE","og_type":"article","og_title":"\u00dcber Tattoos - Think What You Ink","og_description":"Die T\u00e4towierkunst begann mit dem symbolischen T\u00e4towieren. Die Symbole hatten f\u00fcr alle die gleichen Bedeutungen. Z. B. Anker, Rose, Schmetterling, junge Frau. Egal, wer welches Symbol auf sich trug, andere Menschen kannten deren Bedeutung. Mit der Zeit begann &hellip;","og_url":"https:\/\/www.zvaki.info\/de\/wesentlicher-vor-der-entscheidung-ueber-das-taetowieren\/ueber-tattoos\/","og_site_name":"Think What You Ink","article_publisher":"https:\/\/www.facebook.com\/anubistattoostudio\/?fref=ts","article_modified_time":"2016-05-03T18:33:39+00:00","og_image":[{"width":1200,"height":630,"url":"https:\/\/www.zvaki.info\/zvaki\/wp-content\/uploads\/2016\/05\/facebook.jpg","type":"image\/jpeg"}],"twitter_card":"summary_large_image","twitter_misc":{"Gesch\u00e4tzte Lesezeit":"1\u00a0Minute"},"schema":{"@context":"https:\/\/schema.org","@graph":[{"@type":"WebPage","@id":"https:\/\/www.zvaki.info\/de\/wesentlicher-vor-der-entscheidung-ueber-das-taetowieren\/ueber-tattoos\/","url":"https:\/\/www.zvaki.info\/de\/wesentlicher-vor-der-entscheidung-ueber-das-taetowieren\/ueber-tattoos\/","name":"\u00dcber Tattoos - Think What You Ink","isPartOf":{"@id":"https:\/\/www.zvaki.info\/#website"},"datePublished":"2016-05-01T13:17:26+00:00","dateModified":"2016-05-03T18:33:39+00:00","breadcrumb":{"@id":"https:\/\/www.zvaki.info\/de\/wesentlicher-vor-der-entscheidung-ueber-das-taetowieren\/ueber-tattoos\/#breadcrumb"},"inLanguage":"de","potentialAction":[{"@type":"ReadAction","target":["https:\/\/www.zvaki.info\/de\/wesentlicher-vor-der-entscheidung-ueber-das-taetowieren\/ueber-tattoos\/"]}]},{"@type":"BreadcrumbList","@id":"https:\/\/www.zvaki.info\/de\/wesentlicher-vor-der-entscheidung-ueber-das-taetowieren\/ueber-tattoos\/#breadcrumb","itemListElement":[{"@type":"ListItem","position":1,"name":"Po\u010detna stranica","item":"https:\/\/www.zvaki.info\/de\/"},{"@type":"ListItem","position":2,"name":"Wesentlicher vor der Entscheidung \u00fcber das T\u00e4towieren","item":"https:\/\/www.zvaki.info\/de\/wesentlicher-vor-der-entscheidung-ueber-das-taetowieren\/"},{"@type":"ListItem","position":3,"name":"\u00dcber Tattoos"}]},{"@type":"WebSite","@id":"https:\/\/www.zvaki.info\/#website","url":"https:\/\/www.zvaki.info\/","name":"Think What You Ink","description":"Vodi\u010d kroz tetoviranje","potentialAction":[{"@type":"SearchAction","target":{"@type":"EntryPoint","urlTemplate":"https:\/\/www.zvaki.info\/?s={search_term_string}"},"query-input":{"@type":"PropertyValueSpecification","valueRequired":true,"valueName":"search_term_string"}}],"inLanguage":"de"}]}},"_links":{"self":[{"href":"https:\/\/www.zvaki.info\/de\/wp-json\/wp\/v2\/pages\/187","targetHints":{"allow":["GET"]}}],"collection":[{"href":"https:\/\/www.zvaki.info\/de\/wp-json\/wp\/v2\/pages"}],"about":[{"href":"https:\/\/www.zvaki.info\/de\/wp-json\/wp\/v2\/types\/page"}],"author":[{"embeddable":true,"href":"https:\/\/www.zvaki.info\/de\/wp-json\/wp\/v2\/users\/1"}],"replies":[{"embeddable":true,"href":"https:\/\/www.zvaki.info\/de\/wp-json\/wp\/v2\/comments?post=187"}],"version-history":[{"count":2,"href":"https:\/\/www.zvaki.info\/de\/wp-json\/wp\/v2\/pages\/187\/revisions"}],"predecessor-version":[{"id":230,"href":"https:\/\/www.zvaki.info\/de\/wp-json\/wp\/v2\/pages\/187\/revisions\/230"}],"up":[{"embeddable":true,"href":"https:\/\/www.zvaki.info\/de\/wp-json\/wp\/v2\/pages\/184"}],"wp:attachment":[{"href":"https:\/\/www.zvaki.info\/de\/wp-json\/wp\/v2\/media?parent=187"}],"curies":[{"name":"wp","href":"https:\/\/api.w.org\/{rel}","templated":true}]}}