{"id":180,"date":"2016-05-02T19:33:40","date_gmt":"2016-05-02T17:33:40","guid":{"rendered":"http:\/\/www.zvaki.info\/zvaki\/de\/tetoviranje-zivotna-odluka\/"},"modified":"2016-05-03T20:36:54","modified_gmt":"2016-05-03T18:36:54","slug":"ein-tattoo-ist-eine-lebenslaengliche-entscheidung","status":"publish","type":"page","link":"https:\/\/www.zvaki.info\/de\/wesentlicher-vor-der-entscheidung-ueber-das-taetowieren\/ein-tattoo-ist-eine-lebenslaengliche-entscheidung\/","title":{"rendered":"Ein Tattoo ist eine lebensl\u00e4ngliche Entscheidung"},"content":{"rendered":"<p><strong>Glauben Sie es oder nicht, aber eine T\u00e4towierung f\u00e4llt unter die Kategorie \u201clebensl\u00e4ngliche Entscheidung\u201d. Aber gut, definieren wir zuerst, was dies genau heisst:<\/strong><\/p>\n<p>Eine lebenslange Entscheidung kann nicht ersetzt werden, kann nicht in den urspr\u00fcnglichen Zustand zur\u00fcck versetzt werden. Wenn Sie mit dieser Entscheidung unzufrieden sind, m\u00fcssen Sie bis ans Lebensende damit leben.<\/p>\n<p>Viele Leute denken, dass eine Ehe schliessen ein Entscheidung f\u00fcrs Leben ist. Oder eine Karriere f\u00f6rdern, oder auch ein Auto kaufen\u2026 Aber all dies ist verg\u00e4nglich. Arbeitspl\u00e4tze wechseln, Ehen werden geschieden. Es werden neue Autos gekauft\u2026<\/p>\n<p>Diese sogenannten Entscheidungen kommen, sie werden auf \u00e4hnliche Art und Weise ersetzt und gehen wie sie kamen.<\/p>\n<p>Nebst einer T\u00e4towierung ist z.b. Kinder kriegen eine Lebensentscheidung.<\/p>\n<p>Bei beiden Entscheidungen suchen Sie sich zuerst den passenden Partner oder Tattoo-Artist.<\/p>\n<p>Sie erhalten ein Unikat und k\u00f6nnen sich nicht ohne Narben trennen.<\/p>\n<p>Damit Sie die richtige Entscheidung f\u00e4llen k\u00f6nnen ben\u00f6tigen Sie:<\/p>\n<ul>\n<li><strong>Sie m\u00fcssen physisch und psychisch bereit sein<\/strong><\/li>\n<li><strong>L\u00e4sst es ihr Lebensumstand zu, sich daf\u00fcr zu entscheiden<\/strong><\/li>\n<li><strong>F\u00fchren Sie sich das pers\u00f6nliche Worst-Case vor Augen. K\u00f6nnten Sie damit leben?<\/strong><\/li>\n<\/ul>\n<p>Wenn Sie all diese Faktoren ber\u00fccksichten, werden Sie diese Entscheidung nie bereuen.<\/p>\n<p>Also sehen Sie, die \u00c4hnlichkeiten sind da.<\/p>\n<p>Und jetzt noch ein paar Punkte zum T\u00e4towieren. Wenn Sie alles selbst ausw\u00e4hlen.. Gr\u00f6sse, Ort, Aussehen, Stil, Preis\u2026 Sicher werden Sie dies nie bereuen. Sie werden nie an Ihrem Kind zweifeln, genauso sollten Sie sich bei T\u00e4towierungen verhalten. Damit Sie selbst\u00e4ndig was ausw\u00e4hlen, m\u00fcssten Sie ein Kenner sein, ein Arzt und ein Zeichner zugleich.<\/p>\n<p>Den einzigen Rat, den ich geben kann: Finden Sie Ihren T\u00e4towierer, dem Sie sich anvertrauen k\u00f6nnen.<\/p>\n","protected":false},"excerpt":{"rendered":"<p>Glauben Sie es oder nicht, aber eine T\u00e4towierung f\u00e4llt unter die Kategorie \u201clebensl\u00e4ngliche Entscheidung\u201d. Aber gut, definieren wir zuerst, was dies genau heisst: Eine lebenslange Entscheidung kann nicht ersetzt werden, kann nicht in den urspr\u00fcnglichen Zustand zur\u00fcck versetzt &hellip;<\/p>\n","protected":false},"author":1,"featured_media":0,"parent":184,"menu_order":3,"comment_status":"closed","ping_status":"closed","template":"","meta":{"_acf_changed":false,"footnotes":""},"class_list":["post-180","page","type-page","status-publish","hentry"],"acf":[],"yoast_head":"<!-- This site is optimized with the Yoast SEO plugin v27.4 - https:\/\/yoast.com\/product\/yoast-seo-wordpress\/ -->\n<title>Ein Tattoo ist eine lebensl\u00e4ngliche Entscheidung - Think What You Ink<\/title>\n<meta name=\"robots\" content=\"index, follow, max-snippet:-1, max-image-preview:large, max-video-preview:-1\" \/>\n<link rel=\"canonical\" href=\"https:\/\/www.zvaki.info\/de\/wesentlicher-vor-der-entscheidung-ueber-das-taetowieren\/ein-tattoo-ist-eine-lebenslaengliche-entscheidung\/\" \/>\n<meta property=\"og:locale\" content=\"de_DE\" \/>\n<meta property=\"og:type\" content=\"article\" \/>\n<meta property=\"og:title\" content=\"Ein Tattoo ist eine lebensl\u00e4ngliche Entscheidung - Think What You Ink\" \/>\n<meta property=\"og:description\" content=\"Glauben Sie es oder nicht, aber eine T\u00e4towierung f\u00e4llt unter die Kategorie \u201clebensl\u00e4ngliche Entscheidung\u201d. Aber gut, definieren wir zuerst, was dies genau heisst: Eine lebenslange Entscheidung kann nicht ersetzt werden, kann nicht in den urspr\u00fcnglichen Zustand zur\u00fcck versetzt &hellip;\" \/>\n<meta property=\"og:url\" content=\"https:\/\/www.zvaki.info\/de\/wesentlicher-vor-der-entscheidung-ueber-das-taetowieren\/ein-tattoo-ist-eine-lebenslaengliche-entscheidung\/\" \/>\n<meta property=\"og:site_name\" content=\"Think What You Ink\" \/>\n<meta property=\"article:publisher\" content=\"https:\/\/www.facebook.com\/anubistattoostudio\/?fref=ts\" \/>\n<meta property=\"article:modified_time\" content=\"2016-05-03T18:36:54+00:00\" \/>\n<meta property=\"og:image\" content=\"https:\/\/www.zvaki.info\/zvaki\/wp-content\/uploads\/2016\/05\/facebook.jpg\" \/>\n\t<meta property=\"og:image:width\" content=\"1200\" \/>\n\t<meta property=\"og:image:height\" content=\"630\" \/>\n\t<meta property=\"og:image:type\" content=\"image\/jpeg\" \/>\n<meta name=\"twitter:card\" content=\"summary_large_image\" \/>\n<meta name=\"twitter:label1\" content=\"Gesch\u00e4tzte Lesezeit\" \/>\n\t<meta name=\"twitter:data1\" content=\"1\u00a0Minute\" \/>\n<script type=\"application\/ld+json\" class=\"yoast-schema-graph\">{\"@context\":\"https:\\\/\\\/schema.org\",\"@graph\":[{\"@type\":\"WebPage\",\"@id\":\"https:\\\/\\\/www.zvaki.info\\\/de\\\/wesentlicher-vor-der-entscheidung-ueber-das-taetowieren\\\/ein-tattoo-ist-eine-lebenslaengliche-entscheidung\\\/\",\"url\":\"https:\\\/\\\/www.zvaki.info\\\/de\\\/wesentlicher-vor-der-entscheidung-ueber-das-taetowieren\\\/ein-tattoo-ist-eine-lebenslaengliche-entscheidung\\\/\",\"name\":\"Ein Tattoo ist eine lebensl\u00e4ngliche Entscheidung - Think What You Ink\",\"isPartOf\":{\"@id\":\"https:\\\/\\\/www.zvaki.info\\\/#website\"},\"datePublished\":\"2016-05-02T17:33:40+00:00\",\"dateModified\":\"2016-05-03T18:36:54+00:00\",\"breadcrumb\":{\"@id\":\"https:\\\/\\\/www.zvaki.info\\\/de\\\/wesentlicher-vor-der-entscheidung-ueber-das-taetowieren\\\/ein-tattoo-ist-eine-lebenslaengliche-entscheidung\\\/#breadcrumb\"},\"inLanguage\":\"de\",\"potentialAction\":[{\"@type\":\"ReadAction\",\"target\":[\"https:\\\/\\\/www.zvaki.info\\\/de\\\/wesentlicher-vor-der-entscheidung-ueber-das-taetowieren\\\/ein-tattoo-ist-eine-lebenslaengliche-entscheidung\\\/\"]}]},{\"@type\":\"BreadcrumbList\",\"@id\":\"https:\\\/\\\/www.zvaki.info\\\/de\\\/wesentlicher-vor-der-entscheidung-ueber-das-taetowieren\\\/ein-tattoo-ist-eine-lebenslaengliche-entscheidung\\\/#breadcrumb\",\"itemListElement\":[{\"@type\":\"ListItem\",\"position\":1,\"name\":\"Po\u010detna stranica\",\"item\":\"https:\\\/\\\/www.zvaki.info\\\/de\\\/\"},{\"@type\":\"ListItem\",\"position\":2,\"name\":\"Wesentlicher vor der Entscheidung \u00fcber das T\u00e4towieren\",\"item\":\"https:\\\/\\\/www.zvaki.info\\\/de\\\/wesentlicher-vor-der-entscheidung-ueber-das-taetowieren\\\/\"},{\"@type\":\"ListItem\",\"position\":3,\"name\":\"Ein Tattoo ist eine lebensl\u00e4ngliche Entscheidung\"}]},{\"@type\":\"WebSite\",\"@id\":\"https:\\\/\\\/www.zvaki.info\\\/#website\",\"url\":\"https:\\\/\\\/www.zvaki.info\\\/\",\"name\":\"Think What You Ink\",\"description\":\"Vodi\u010d kroz tetoviranje\",\"potentialAction\":[{\"@type\":\"SearchAction\",\"target\":{\"@type\":\"EntryPoint\",\"urlTemplate\":\"https:\\\/\\\/www.zvaki.info\\\/?s={search_term_string}\"},\"query-input\":{\"@type\":\"PropertyValueSpecification\",\"valueRequired\":true,\"valueName\":\"search_term_string\"}}],\"inLanguage\":\"de\"}]}<\/script>\n<!-- \/ Yoast SEO plugin. -->","yoast_head_json":{"title":"Ein Tattoo ist eine lebensl\u00e4ngliche Entscheidung - Think What You Ink","robots":{"index":"index","follow":"follow","max-snippet":"max-snippet:-1","max-image-preview":"max-image-preview:large","max-video-preview":"max-video-preview:-1"},"canonical":"https:\/\/www.zvaki.info\/de\/wesentlicher-vor-der-entscheidung-ueber-das-taetowieren\/ein-tattoo-ist-eine-lebenslaengliche-entscheidung\/","og_locale":"de_DE","og_type":"article","og_title":"Ein Tattoo ist eine lebensl\u00e4ngliche Entscheidung - Think What You Ink","og_description":"Glauben Sie es oder nicht, aber eine T\u00e4towierung f\u00e4llt unter die Kategorie \u201clebensl\u00e4ngliche Entscheidung\u201d. Aber gut, definieren wir zuerst, was dies genau heisst: Eine lebenslange Entscheidung kann nicht ersetzt werden, kann nicht in den urspr\u00fcnglichen Zustand zur\u00fcck versetzt &hellip;","og_url":"https:\/\/www.zvaki.info\/de\/wesentlicher-vor-der-entscheidung-ueber-das-taetowieren\/ein-tattoo-ist-eine-lebenslaengliche-entscheidung\/","og_site_name":"Think What You Ink","article_publisher":"https:\/\/www.facebook.com\/anubistattoostudio\/?fref=ts","article_modified_time":"2016-05-03T18:36:54+00:00","og_image":[{"width":1200,"height":630,"url":"https:\/\/www.zvaki.info\/zvaki\/wp-content\/uploads\/2016\/05\/facebook.jpg","type":"image\/jpeg"}],"twitter_card":"summary_large_image","twitter_misc":{"Gesch\u00e4tzte Lesezeit":"1\u00a0Minute"},"schema":{"@context":"https:\/\/schema.org","@graph":[{"@type":"WebPage","@id":"https:\/\/www.zvaki.info\/de\/wesentlicher-vor-der-entscheidung-ueber-das-taetowieren\/ein-tattoo-ist-eine-lebenslaengliche-entscheidung\/","url":"https:\/\/www.zvaki.info\/de\/wesentlicher-vor-der-entscheidung-ueber-das-taetowieren\/ein-tattoo-ist-eine-lebenslaengliche-entscheidung\/","name":"Ein Tattoo ist eine lebensl\u00e4ngliche Entscheidung - Think What You Ink","isPartOf":{"@id":"https:\/\/www.zvaki.info\/#website"},"datePublished":"2016-05-02T17:33:40+00:00","dateModified":"2016-05-03T18:36:54+00:00","breadcrumb":{"@id":"https:\/\/www.zvaki.info\/de\/wesentlicher-vor-der-entscheidung-ueber-das-taetowieren\/ein-tattoo-ist-eine-lebenslaengliche-entscheidung\/#breadcrumb"},"inLanguage":"de","potentialAction":[{"@type":"ReadAction","target":["https:\/\/www.zvaki.info\/de\/wesentlicher-vor-der-entscheidung-ueber-das-taetowieren\/ein-tattoo-ist-eine-lebenslaengliche-entscheidung\/"]}]},{"@type":"BreadcrumbList","@id":"https:\/\/www.zvaki.info\/de\/wesentlicher-vor-der-entscheidung-ueber-das-taetowieren\/ein-tattoo-ist-eine-lebenslaengliche-entscheidung\/#breadcrumb","itemListElement":[{"@type":"ListItem","position":1,"name":"Po\u010detna stranica","item":"https:\/\/www.zvaki.info\/de\/"},{"@type":"ListItem","position":2,"name":"Wesentlicher vor der Entscheidung \u00fcber das T\u00e4towieren","item":"https:\/\/www.zvaki.info\/de\/wesentlicher-vor-der-entscheidung-ueber-das-taetowieren\/"},{"@type":"ListItem","position":3,"name":"Ein Tattoo ist eine lebensl\u00e4ngliche Entscheidung"}]},{"@type":"WebSite","@id":"https:\/\/www.zvaki.info\/#website","url":"https:\/\/www.zvaki.info\/","name":"Think What You Ink","description":"Vodi\u010d kroz tetoviranje","potentialAction":[{"@type":"SearchAction","target":{"@type":"EntryPoint","urlTemplate":"https:\/\/www.zvaki.info\/?s={search_term_string}"},"query-input":{"@type":"PropertyValueSpecification","valueRequired":true,"valueName":"search_term_string"}}],"inLanguage":"de"}]}},"_links":{"self":[{"href":"https:\/\/www.zvaki.info\/de\/wp-json\/wp\/v2\/pages\/180","targetHints":{"allow":["GET"]}}],"collection":[{"href":"https:\/\/www.zvaki.info\/de\/wp-json\/wp\/v2\/pages"}],"about":[{"href":"https:\/\/www.zvaki.info\/de\/wp-json\/wp\/v2\/types\/page"}],"author":[{"embeddable":true,"href":"https:\/\/www.zvaki.info\/de\/wp-json\/wp\/v2\/users\/1"}],"replies":[{"embeddable":true,"href":"https:\/\/www.zvaki.info\/de\/wp-json\/wp\/v2\/comments?post=180"}],"version-history":[{"count":2,"href":"https:\/\/www.zvaki.info\/de\/wp-json\/wp\/v2\/pages\/180\/revisions"}],"predecessor-version":[{"id":233,"href":"https:\/\/www.zvaki.info\/de\/wp-json\/wp\/v2\/pages\/180\/revisions\/233"}],"up":[{"embeddable":true,"href":"https:\/\/www.zvaki.info\/de\/wp-json\/wp\/v2\/pages\/184"}],"wp:attachment":[{"href":"https:\/\/www.zvaki.info\/de\/wp-json\/wp\/v2\/media?parent=180"}],"curies":[{"name":"wp","href":"https:\/\/api.w.org\/{rel}","templated":true}]}}