{"id":177,"date":"2016-05-02T19:34:57","date_gmt":"2016-05-02T17:34:57","guid":{"rendered":"http:\/\/www.zvaki.info\/zvaki\/de\/zasto-netko-zazali-sto-se-tetovirao\/"},"modified":"2016-05-03T20:38:07","modified_gmt":"2016-05-03T18:38:07","slug":"warum-bereut-jemand-sein-tattoo","status":"publish","type":"page","link":"https:\/\/www.zvaki.info\/de\/wesentlicher-vor-der-entscheidung-ueber-das-taetowieren\/warum-bereut-jemand-sein-tattoo\/","title":{"rendered":"Warum bereut jemand sein Tattoo?"},"content":{"rendered":"<p>Hierf\u00fcr gibt es mehrere Antworten:<\/p>\n<ul>\n<li>Hatten keine ausgereifte Idee<\/li>\n<li>Dachten, es sei eine super Idee<\/li>\n<li>Hatte nicht die bleibende Bedeutung<\/li>\n<li>Schlecht gestochene Arbeit<\/li>\n<li>Unerw\u00fcnscht bei der Arbeit oder Karriere<\/li>\n<li>Geh\u00f6ren keiner Gruppierung mehr an<\/li>\n<li>Wurden aus Gr\u00fcnden gestochen, welche damals von Bedeutung waren, heute aber nicht mehr<\/li>\n<\/ul>\n<p>Bei genauem Betrachten gibt es viele Gr\u00fcnde, warum jemand sein Tattoo bereuen kann.<br \/>\nM\u00f6chten Sie das wirklich erleben? Ich m\u00f6chte versuchen, Ihnen einige Ratschl\u00e4ge mit auf den Weg zu<br \/>\ngeben, damit Sie sich nie in dieser Situation wiederfinden.<\/p>\n<ul>\n<li>Geben Sie Ihrer T\u00e4towierung einen Charakter<\/li>\n<li>Wiederspiegeln Sie Ihre Gef\u00fchle und Ihr Empfinden, welches nur Sie beim Anblick erkennen k\u00f6nnen<\/li>\n<li>Lassen Sie sich nie ein Symbol einer gewissen Zugeh\u00f6rigkeit t\u00e4towieren. Es gibt immer jemanden, der sich daran st\u00f6ren wird<\/li>\n<li>N\u00fctzen Sie Ihre Idee und das K\u00f6nnen des T\u00e4towierers<\/li>\n<li>M\u00f6chten Sie sich t\u00e4towieren, k\u00f6nnen dies aber wegen der Arbeit nicht tun, so platzieren Sie Ihr Tattoo an einer versteckten Stelle.<\/li>\n<li>Wenn Sie das Tattoo wegen Ihren Eltern verstecken, seien Sie sich bewusst, Sie werden nicht Ihr ganzes<\/li>\n<\/ul>\n<p>Leben mit ihnen verbringen.<\/p>\n<ul>\n<li>Es liegt nicht an Ihnen, an alles zu denken. Hierf\u00fcr haben Sie den Meister.<\/li>\n<li>Lassen Sie sich Zeit beim suchen des Studios.<\/li>\n<li>Seien Sie stets Sie selbst<\/li>\n<\/ul>\n<p>Sie sind kein Kalender oder K\u00fchlschrank, an den Sie Notizen heften k\u00f6nnen.<\/p>\n<p>\u201cSie haben nur eine Haut. W\u00e4hlen Sie schlau.<\/p>\n<p>Liebe ist ewig, das Tattoo dauert aber zwei Monate l\u00e4nger\u2026<\/p>\n<p><img loading=\"lazy\" decoding=\"async\" class=\"alignnone size-full wp-image-127 aligncenter\" src=\"http:\/\/www.zvaki.info\/zvaki\/wp-content\/uploads\/2016\/05\/tattoo-cover-1.jpg\" alt=\"tattoo-cover-1\" width=\"500\" height=\"497\" srcset=\"https:\/\/www.zvaki.info\/zvaki\/wp-content\/uploads\/2016\/05\/tattoo-cover-1.jpg 500w, https:\/\/www.zvaki.info\/zvaki\/wp-content\/uploads\/2016\/05\/tattoo-cover-1-150x150.jpg 150w, https:\/\/www.zvaki.info\/zvaki\/wp-content\/uploads\/2016\/05\/tattoo-cover-1-300x298.jpg 300w\" sizes=\"auto, (max-width: 500px) 100vw, 500px\" \/><\/p>\n<p style=\"text-align: center;\"><img loading=\"lazy\" decoding=\"async\" class=\"size-full wp-image-126\" src=\"http:\/\/www.zvaki.info\/zvaki\/wp-content\/uploads\/2016\/05\/o-jordan-cotton-570.jpg\" alt=\"JORDAN COTTON - A 21-year-old man who had his girlfriend\u00d5s name tattooed on the back of his neck found the relationship was less permanent than the ink. She dumped him and his solution to the problem caused a row which ended with him appearing in court.\" width=\"570\" height=\"320\" srcset=\"https:\/\/www.zvaki.info\/zvaki\/wp-content\/uploads\/2016\/05\/o-jordan-cotton-570.jpg 570w, https:\/\/www.zvaki.info\/zvaki\/wp-content\/uploads\/2016\/05\/o-jordan-cotton-570-300x168.jpg 300w\" sizes=\"auto, (max-width: 570px) 100vw, 570px\" \/><\/p>\n<p>&nbsp;<\/p>\n","protected":false},"excerpt":{"rendered":"<p>Hierf\u00fcr gibt es mehrere Antworten: Hatten keine ausgereifte Idee Dachten, es sei eine super Idee Hatte nicht die bleibende Bedeutung Schlecht gestochene Arbeit Unerw\u00fcnscht bei der Arbeit oder Karriere Geh\u00f6ren keiner Gruppierung mehr an Wurden aus Gr\u00fcnden gestochen, &hellip;<\/p>\n","protected":false},"author":1,"featured_media":0,"parent":184,"menu_order":4,"comment_status":"closed","ping_status":"closed","template":"","meta":{"_acf_changed":false,"footnotes":""},"class_list":["post-177","page","type-page","status-publish","hentry"],"acf":[],"yoast_head":"<!-- This site is optimized with the Yoast SEO plugin v27.4 - https:\/\/yoast.com\/product\/yoast-seo-wordpress\/ -->\n<title>Warum bereut jemand sein Tattoo? - Think What You Ink<\/title>\n<meta name=\"robots\" content=\"index, follow, max-snippet:-1, max-image-preview:large, max-video-preview:-1\" \/>\n<link rel=\"canonical\" href=\"https:\/\/www.zvaki.info\/de\/wesentlicher-vor-der-entscheidung-ueber-das-taetowieren\/warum-bereut-jemand-sein-tattoo\/\" \/>\n<meta property=\"og:locale\" content=\"de_DE\" \/>\n<meta property=\"og:type\" content=\"article\" \/>\n<meta property=\"og:title\" content=\"Warum bereut jemand sein Tattoo? - Think What You Ink\" \/>\n<meta property=\"og:description\" content=\"Hierf\u00fcr gibt es mehrere Antworten: Hatten keine ausgereifte Idee Dachten, es sei eine super Idee Hatte nicht die bleibende Bedeutung Schlecht gestochene Arbeit Unerw\u00fcnscht bei der Arbeit oder Karriere Geh\u00f6ren keiner Gruppierung mehr an Wurden aus Gr\u00fcnden gestochen, &hellip;\" \/>\n<meta property=\"og:url\" content=\"https:\/\/www.zvaki.info\/de\/wesentlicher-vor-der-entscheidung-ueber-das-taetowieren\/warum-bereut-jemand-sein-tattoo\/\" \/>\n<meta property=\"og:site_name\" content=\"Think What You Ink\" \/>\n<meta property=\"article:publisher\" content=\"https:\/\/www.facebook.com\/anubistattoostudio\/?fref=ts\" \/>\n<meta property=\"article:modified_time\" content=\"2016-05-03T18:38:07+00:00\" \/>\n<meta property=\"og:image\" content=\"http:\/\/www.zvaki.info\/zvaki\/wp-content\/uploads\/2016\/05\/tattoo-cover-1.jpg\" \/>\n<meta name=\"twitter:card\" content=\"summary_large_image\" \/>\n<meta name=\"twitter:label1\" content=\"Gesch\u00e4tzte Lesezeit\" \/>\n\t<meta name=\"twitter:data1\" content=\"1\u00a0Minute\" \/>\n<script type=\"application\/ld+json\" class=\"yoast-schema-graph\">{\"@context\":\"https:\\\/\\\/schema.org\",\"@graph\":[{\"@type\":\"WebPage\",\"@id\":\"https:\\\/\\\/www.zvaki.info\\\/de\\\/wesentlicher-vor-der-entscheidung-ueber-das-taetowieren\\\/warum-bereut-jemand-sein-tattoo\\\/\",\"url\":\"https:\\\/\\\/www.zvaki.info\\\/de\\\/wesentlicher-vor-der-entscheidung-ueber-das-taetowieren\\\/warum-bereut-jemand-sein-tattoo\\\/\",\"name\":\"Warum bereut jemand sein Tattoo? - Think What You Ink\",\"isPartOf\":{\"@id\":\"https:\\\/\\\/www.zvaki.info\\\/#website\"},\"primaryImageOfPage\":{\"@id\":\"https:\\\/\\\/www.zvaki.info\\\/de\\\/wesentlicher-vor-der-entscheidung-ueber-das-taetowieren\\\/warum-bereut-jemand-sein-tattoo\\\/#primaryimage\"},\"image\":{\"@id\":\"https:\\\/\\\/www.zvaki.info\\\/de\\\/wesentlicher-vor-der-entscheidung-ueber-das-taetowieren\\\/warum-bereut-jemand-sein-tattoo\\\/#primaryimage\"},\"thumbnailUrl\":\"http:\\\/\\\/www.zvaki.info\\\/zvaki\\\/wp-content\\\/uploads\\\/2016\\\/05\\\/tattoo-cover-1.jpg\",\"datePublished\":\"2016-05-02T17:34:57+00:00\",\"dateModified\":\"2016-05-03T18:38:07+00:00\",\"breadcrumb\":{\"@id\":\"https:\\\/\\\/www.zvaki.info\\\/de\\\/wesentlicher-vor-der-entscheidung-ueber-das-taetowieren\\\/warum-bereut-jemand-sein-tattoo\\\/#breadcrumb\"},\"inLanguage\":\"de\",\"potentialAction\":[{\"@type\":\"ReadAction\",\"target\":[\"https:\\\/\\\/www.zvaki.info\\\/de\\\/wesentlicher-vor-der-entscheidung-ueber-das-taetowieren\\\/warum-bereut-jemand-sein-tattoo\\\/\"]}]},{\"@type\":\"ImageObject\",\"inLanguage\":\"de\",\"@id\":\"https:\\\/\\\/www.zvaki.info\\\/de\\\/wesentlicher-vor-der-entscheidung-ueber-das-taetowieren\\\/warum-bereut-jemand-sein-tattoo\\\/#primaryimage\",\"url\":\"http:\\\/\\\/www.zvaki.info\\\/zvaki\\\/wp-content\\\/uploads\\\/2016\\\/05\\\/tattoo-cover-1.jpg\",\"contentUrl\":\"http:\\\/\\\/www.zvaki.info\\\/zvaki\\\/wp-content\\\/uploads\\\/2016\\\/05\\\/tattoo-cover-1.jpg\"},{\"@type\":\"BreadcrumbList\",\"@id\":\"https:\\\/\\\/www.zvaki.info\\\/de\\\/wesentlicher-vor-der-entscheidung-ueber-das-taetowieren\\\/warum-bereut-jemand-sein-tattoo\\\/#breadcrumb\",\"itemListElement\":[{\"@type\":\"ListItem\",\"position\":1,\"name\":\"Po\u010detna stranica\",\"item\":\"https:\\\/\\\/www.zvaki.info\\\/de\\\/\"},{\"@type\":\"ListItem\",\"position\":2,\"name\":\"Wesentlicher vor der Entscheidung \u00fcber das T\u00e4towieren\",\"item\":\"https:\\\/\\\/www.zvaki.info\\\/de\\\/wesentlicher-vor-der-entscheidung-ueber-das-taetowieren\\\/\"},{\"@type\":\"ListItem\",\"position\":3,\"name\":\"Warum bereut jemand sein Tattoo?\"}]},{\"@type\":\"WebSite\",\"@id\":\"https:\\\/\\\/www.zvaki.info\\\/#website\",\"url\":\"https:\\\/\\\/www.zvaki.info\\\/\",\"name\":\"Think What You Ink\",\"description\":\"Vodi\u010d kroz tetoviranje\",\"potentialAction\":[{\"@type\":\"SearchAction\",\"target\":{\"@type\":\"EntryPoint\",\"urlTemplate\":\"https:\\\/\\\/www.zvaki.info\\\/?s={search_term_string}\"},\"query-input\":{\"@type\":\"PropertyValueSpecification\",\"valueRequired\":true,\"valueName\":\"search_term_string\"}}],\"inLanguage\":\"de\"}]}<\/script>\n<!-- \/ Yoast SEO plugin. -->","yoast_head_json":{"title":"Warum bereut jemand sein Tattoo? - Think What You Ink","robots":{"index":"index","follow":"follow","max-snippet":"max-snippet:-1","max-image-preview":"max-image-preview:large","max-video-preview":"max-video-preview:-1"},"canonical":"https:\/\/www.zvaki.info\/de\/wesentlicher-vor-der-entscheidung-ueber-das-taetowieren\/warum-bereut-jemand-sein-tattoo\/","og_locale":"de_DE","og_type":"article","og_title":"Warum bereut jemand sein Tattoo? - Think What You Ink","og_description":"Hierf\u00fcr gibt es mehrere Antworten: Hatten keine ausgereifte Idee Dachten, es sei eine super Idee Hatte nicht die bleibende Bedeutung Schlecht gestochene Arbeit Unerw\u00fcnscht bei der Arbeit oder Karriere Geh\u00f6ren keiner Gruppierung mehr an Wurden aus Gr\u00fcnden gestochen, &hellip;","og_url":"https:\/\/www.zvaki.info\/de\/wesentlicher-vor-der-entscheidung-ueber-das-taetowieren\/warum-bereut-jemand-sein-tattoo\/","og_site_name":"Think What You Ink","article_publisher":"https:\/\/www.facebook.com\/anubistattoostudio\/?fref=ts","article_modified_time":"2016-05-03T18:38:07+00:00","og_image":[{"url":"http:\/\/www.zvaki.info\/zvaki\/wp-content\/uploads\/2016\/05\/tattoo-cover-1.jpg","type":"","width":"","height":""}],"twitter_card":"summary_large_image","twitter_misc":{"Gesch\u00e4tzte Lesezeit":"1\u00a0Minute"},"schema":{"@context":"https:\/\/schema.org","@graph":[{"@type":"WebPage","@id":"https:\/\/www.zvaki.info\/de\/wesentlicher-vor-der-entscheidung-ueber-das-taetowieren\/warum-bereut-jemand-sein-tattoo\/","url":"https:\/\/www.zvaki.info\/de\/wesentlicher-vor-der-entscheidung-ueber-das-taetowieren\/warum-bereut-jemand-sein-tattoo\/","name":"Warum bereut jemand sein Tattoo? - Think What You Ink","isPartOf":{"@id":"https:\/\/www.zvaki.info\/#website"},"primaryImageOfPage":{"@id":"https:\/\/www.zvaki.info\/de\/wesentlicher-vor-der-entscheidung-ueber-das-taetowieren\/warum-bereut-jemand-sein-tattoo\/#primaryimage"},"image":{"@id":"https:\/\/www.zvaki.info\/de\/wesentlicher-vor-der-entscheidung-ueber-das-taetowieren\/warum-bereut-jemand-sein-tattoo\/#primaryimage"},"thumbnailUrl":"http:\/\/www.zvaki.info\/zvaki\/wp-content\/uploads\/2016\/05\/tattoo-cover-1.jpg","datePublished":"2016-05-02T17:34:57+00:00","dateModified":"2016-05-03T18:38:07+00:00","breadcrumb":{"@id":"https:\/\/www.zvaki.info\/de\/wesentlicher-vor-der-entscheidung-ueber-das-taetowieren\/warum-bereut-jemand-sein-tattoo\/#breadcrumb"},"inLanguage":"de","potentialAction":[{"@type":"ReadAction","target":["https:\/\/www.zvaki.info\/de\/wesentlicher-vor-der-entscheidung-ueber-das-taetowieren\/warum-bereut-jemand-sein-tattoo\/"]}]},{"@type":"ImageObject","inLanguage":"de","@id":"https:\/\/www.zvaki.info\/de\/wesentlicher-vor-der-entscheidung-ueber-das-taetowieren\/warum-bereut-jemand-sein-tattoo\/#primaryimage","url":"http:\/\/www.zvaki.info\/zvaki\/wp-content\/uploads\/2016\/05\/tattoo-cover-1.jpg","contentUrl":"http:\/\/www.zvaki.info\/zvaki\/wp-content\/uploads\/2016\/05\/tattoo-cover-1.jpg"},{"@type":"BreadcrumbList","@id":"https:\/\/www.zvaki.info\/de\/wesentlicher-vor-der-entscheidung-ueber-das-taetowieren\/warum-bereut-jemand-sein-tattoo\/#breadcrumb","itemListElement":[{"@type":"ListItem","position":1,"name":"Po\u010detna stranica","item":"https:\/\/www.zvaki.info\/de\/"},{"@type":"ListItem","position":2,"name":"Wesentlicher vor der Entscheidung \u00fcber das T\u00e4towieren","item":"https:\/\/www.zvaki.info\/de\/wesentlicher-vor-der-entscheidung-ueber-das-taetowieren\/"},{"@type":"ListItem","position":3,"name":"Warum bereut jemand sein Tattoo?"}]},{"@type":"WebSite","@id":"https:\/\/www.zvaki.info\/#website","url":"https:\/\/www.zvaki.info\/","name":"Think What You Ink","description":"Vodi\u010d kroz tetoviranje","potentialAction":[{"@type":"SearchAction","target":{"@type":"EntryPoint","urlTemplate":"https:\/\/www.zvaki.info\/?s={search_term_string}"},"query-input":{"@type":"PropertyValueSpecification","valueRequired":true,"valueName":"search_term_string"}}],"inLanguage":"de"}]}},"_links":{"self":[{"href":"https:\/\/www.zvaki.info\/de\/wp-json\/wp\/v2\/pages\/177","targetHints":{"allow":["GET"]}}],"collection":[{"href":"https:\/\/www.zvaki.info\/de\/wp-json\/wp\/v2\/pages"}],"about":[{"href":"https:\/\/www.zvaki.info\/de\/wp-json\/wp\/v2\/types\/page"}],"author":[{"embeddable":true,"href":"https:\/\/www.zvaki.info\/de\/wp-json\/wp\/v2\/users\/1"}],"replies":[{"embeddable":true,"href":"https:\/\/www.zvaki.info\/de\/wp-json\/wp\/v2\/comments?post=177"}],"version-history":[{"count":3,"href":"https:\/\/www.zvaki.info\/de\/wp-json\/wp\/v2\/pages\/177\/revisions"}],"predecessor-version":[{"id":235,"href":"https:\/\/www.zvaki.info\/de\/wp-json\/wp\/v2\/pages\/177\/revisions\/235"}],"up":[{"embeddable":true,"href":"https:\/\/www.zvaki.info\/de\/wp-json\/wp\/v2\/pages\/184"}],"wp:attachment":[{"href":"https:\/\/www.zvaki.info\/de\/wp-json\/wp\/v2\/media?parent=177"}],"curies":[{"name":"wp","href":"https:\/\/api.w.org\/{rel}","templated":true}]}}