{"id":172,"date":"2016-05-02T19:50:02","date_gmt":"2016-05-02T17:50:02","guid":{"rendered":"http:\/\/www.zvaki.info\/zvaki\/de\/s-kojim-se-problemom-svi-suocavaju\/"},"modified":"2016-05-03T20:41:02","modified_gmt":"2016-05-03T18:41:02","slug":"wir-haben-alle-das-gleiche-problem","status":"publish","type":"page","link":"https:\/\/www.zvaki.info\/de\/linden-sie-ihre-idee-fuer-ein-tattoo\/wir-haben-alle-das-gleiche-problem\/","title":{"rendered":"Wir haben alle das gleiche Problem"},"content":{"rendered":"<p>Die meisten Kunden haben alle das gleiche Problem:<\/p>\n<p><strong>Was lasse ich mir t\u00e4towieren, ohne es jemals zu bereuen?<\/strong><\/p>\n<p>Auf der Suche nach der L\u00f6sung, kommen die Kunden auf verschiedene Denkanstze, welche in diesem Moment logisch erscheinen.<\/p>\n<p>Um einen dieser Denkans\u00e4tze zu kl\u00e4ren:<\/p>\n<ul>\n<li><strong>Der Wunsch nach einem Tattoo kommt auf<\/strong><\/li>\n<li><strong>Der rationale Ansatz ist, dass wir uns \u00fcber m\u00f6gliche Motive Gedanken machen<\/strong><\/li>\n<li><strong>Was w\u00fcnsche ich auf meinem K\u00f6rper?<\/strong><\/li>\n<li><strong>Was hat genug Bedeutung um es mein ganzes Leben mit mir zu tragen?<\/strong><\/li>\n<\/ul>\n<p>Man beginnt automatisch \u00fcber ein passendes Motiv nachzudenken.<br \/>\nMan durchforstet Motive, Symbole oder Texte, die zu einem passen k\u00f6nnten.<\/p>\n<p>\u201cz.B. Sie wissen, was f\u00fcr ein Auto Sie genau m\u00f6chten. Angenehm zum fahren, sch\u00f6n, schnell,<\/p>\n<p>8,7 L\/km, Versicherung nicht allzu teuer, 18 Zoll Felgen, braune Ledersitze etc\u2026<\/p>\n<p>Sie wissen, was f\u00fcr eine T\u00e4towierung Sie m\u00f6chten\u2026 gew\u00fcnschte Gr\u00f6sse, nicht zu teuer, schwarz, am passenden Ort, mit guter Arbeitstechnik\u2026\u201d<\/p>\n<p>Resultat 1: Sie werden ein Autohaus besuchen und besichtigen die Modelle, welche in Frage kommen. Sie schauen sich die Modelle genau an, auch wenn Sie sich bewusst sind, dass nicht alles erh\u00e4ltlich ist, was Sie w\u00fcnschen. Aber Sie werden trotzdem versuchen, das Bestm\u00f6gliche herauszuholen.<\/p>\n<p>Nat\u00fcrlich muss Ihnen auch der Verk\u00e4ufer sympathisch sein. Er muss Sie gleich bedienen k\u00f6nnen, denn Sie m\u00f6chten nicht warten. Selbstverst\u00e4ndlich muss auch der Preis stimmen.<\/p>\n<p>Sie werden in ein Tattoo-Studio kommen, welches Ihnen vielleicht empfohlen wurde. Sie werden ein Gespr\u00e4ch mit dem T\u00e4towierer f\u00fchren, teilen ihm Ihre Ideen mit und er wird versuchen, Ihre Idee umzusetzen.<\/p>\n<p>Sie besuchten nun mehrere Salons und haben nun den sympathischsten Artisten gew\u00e4hlt. Nun erhalten Sie vielleicht mehr, als Sie erwarteten, aber; Ist es wirklich das Wahre?<\/p>\n<p><strong>Frage 1<\/strong><\/p>\n<p>&#8211; Ist es wirklich das gew\u00fcnschte Auto?<\/p>\n<p><strong>Frage 2<\/strong><\/p>\n<p>&#8211; Was f\u00fcr Gedanken h\u00e4tten Sie sich gemacht, wenn Sie ein Auto f\u00fcr Ihr ganzes Leben erwerben w\u00fcrden?<\/p>\n<p><strong>Frage 3<\/strong><\/p>\n<p>&#8211; W\u00fcnschen Sie sich wirklich Ihr Traumauto, oder geben Sie sich auch mit einem guten Auto zufrieden? Kaufen Sie sich einfach ein Auto, weil alle finden, es sei ganz gut?<\/p>\n<p><strong>Frage 4<\/strong><\/p>\n<p>&#8211; Was ist, wenn Sie eine Firma finden, welche das Auto genau nach Ihren W\u00fcnschen herstellt? Vielleicht hat sich diese Firma auf Unikate spezialisiert und die Zeit gerne f\u00fcr Sie ben\u00f6tigt um Ihre W\u00fcnsche zu erf\u00fcllen?<\/p>\n<p><strong>Frage 5<\/strong><\/p>\n<p>&#8211; Warum sollten Sie sich f\u00fcr Ihr Traumauto entscheiden, wenn die Wartefrist gleich dauert wie bei einer regul\u00e4ren Bestellung?<\/p>\n<p>&#8211; Was, wenn der Preis \u00e4hnlich ist wie bei einem normalen Wagen?<br \/>\n&#8211; Warum sollten Ihnen alle W\u00fcnsche erf\u00fcllt werden? Wissen Sie, wie sich dies anf\u00fchlt?<\/p>\n<p>Wir setzen fort.<\/p>\n<p>Sie haben Ihre bedeutungsvollen Tattoos, Ihre pers\u00f6nlichen Vorstellungen etc. genommen, und kombinierten diese mit den Ansichten des Tattoo-Meisters. Wenn Sie Gl\u00fcck haben, k\u00f6nnen Sie einen sch\u00f6nen Kompromiss finden und vielleicht ein sch\u00f6nes Durchschnittstattoo machen.<br \/>\nDavon werden sie 90% wieder bereuen.<\/p>\n<p>Die Gr\u00fcnde sind verschieden:<\/p>\n<ul>\n<li>Das Tattoo wird einfach sowie langweilig<\/li>\n<li>Das gleiche Tattoo hat die halbe Welt<\/li>\n<li>Sie verzieren den K\u00f6rper nicht sondern sehen eher wie eine Markierung aus<\/li>\n<li>War nicht das, was Sie erwarteten<\/li>\n<li>Sie bevorzugen Motive, welche im Moment von Bedeutung sind<\/li>\n<li>Sie bevorzugen Gedanken, welche im Moment von Bedeutung sind<\/li>\n<\/ul>\n<h3>Die L\u00f6sung eines Mysteriums<\/h3>\n<p>Beispiel 1: Sie m\u00f6chten eine T\u00e4towierung die Ihnen gef\u00e4llt und etwas bedeutet und sie ben\u00f6tigen einen T\u00e4towierer um dies zu verwirklichen.<\/p>\n<p>Beispiel 2: Sie haben Bauchschmerzen und Sie wissen, dass Sie zum Doktor m\u00fcssen.<\/p>\n<p>Beispiel 3: Ihr Auto f\u00e4hrt nicht. Sie m\u00f6chten es reparieren und daf\u00fcr rufen Sie Ihren Mechaniker an.<\/p>\n<p>In den Beispielen 2 und 3 werden Sie sich erkundigen, welche Fachperson die Beste ist. Sie werden zur Fachperson gehen und ihr mitteilen, was Sie besch\u00e4ftigt. Er wird Ihnen einen Vorschlag unterbreiten und wenn dieser zusagt, werden Sie sich daf\u00fcr entscheiden, das dort l\u00f6sen zu lassen. Wenn die Fachpersonen nicht Ihren W\u00fcnschen entspricht, suchen Sie jemand anderen.<\/p>\n","protected":false},"excerpt":{"rendered":"<p>Die meisten Kunden haben alle das gleiche Problem: Was lasse ich mir t\u00e4towieren, ohne es jemals zu bereuen? Auf der Suche nach der L\u00f6sung, kommen die Kunden auf verschiedene Denkanstze, welche in diesem Moment logisch erscheinen. Um einen &hellip;<\/p>\n","protected":false},"author":1,"featured_media":0,"parent":175,"menu_order":1,"comment_status":"closed","ping_status":"closed","template":"","meta":{"_acf_changed":false,"footnotes":""},"class_list":["post-172","page","type-page","status-publish","hentry"],"acf":[],"yoast_head":"<!-- This site is optimized with the Yoast SEO plugin v27.4 - https:\/\/yoast.com\/product\/yoast-seo-wordpress\/ -->\n<title>Wir haben alle das gleiche Problem - Think What You Ink<\/title>\n<meta name=\"robots\" content=\"index, follow, max-snippet:-1, max-image-preview:large, max-video-preview:-1\" \/>\n<link rel=\"canonical\" href=\"https:\/\/www.zvaki.info\/de\/linden-sie-ihre-idee-fuer-ein-tattoo\/wir-haben-alle-das-gleiche-problem\/\" \/>\n<meta property=\"og:locale\" content=\"de_DE\" \/>\n<meta property=\"og:type\" content=\"article\" \/>\n<meta property=\"og:title\" content=\"Wir haben alle das gleiche Problem - Think What You Ink\" \/>\n<meta property=\"og:description\" content=\"Die meisten Kunden haben alle das gleiche Problem: Was lasse ich mir t\u00e4towieren, ohne es jemals zu bereuen? Auf der Suche nach der L\u00f6sung, kommen die Kunden auf verschiedene Denkanstze, welche in diesem Moment logisch erscheinen. Um einen &hellip;\" \/>\n<meta property=\"og:url\" content=\"https:\/\/www.zvaki.info\/de\/linden-sie-ihre-idee-fuer-ein-tattoo\/wir-haben-alle-das-gleiche-problem\/\" \/>\n<meta property=\"og:site_name\" content=\"Think What You Ink\" \/>\n<meta property=\"article:publisher\" content=\"https:\/\/www.facebook.com\/anubistattoostudio\/?fref=ts\" \/>\n<meta property=\"article:modified_time\" content=\"2016-05-03T18:41:02+00:00\" \/>\n<meta property=\"og:image\" content=\"https:\/\/www.zvaki.info\/zvaki\/wp-content\/uploads\/2016\/05\/facebook.jpg\" \/>\n\t<meta property=\"og:image:width\" content=\"1200\" \/>\n\t<meta property=\"og:image:height\" content=\"630\" \/>\n\t<meta property=\"og:image:type\" content=\"image\/jpeg\" \/>\n<meta name=\"twitter:card\" content=\"summary_large_image\" \/>\n<meta name=\"twitter:label1\" content=\"Gesch\u00e4tzte Lesezeit\" \/>\n\t<meta name=\"twitter:data1\" content=\"3\u00a0Minuten\" \/>\n<script type=\"application\/ld+json\" class=\"yoast-schema-graph\">{\"@context\":\"https:\\\/\\\/schema.org\",\"@graph\":[{\"@type\":\"WebPage\",\"@id\":\"https:\\\/\\\/www.zvaki.info\\\/de\\\/linden-sie-ihre-idee-fuer-ein-tattoo\\\/wir-haben-alle-das-gleiche-problem\\\/\",\"url\":\"https:\\\/\\\/www.zvaki.info\\\/de\\\/linden-sie-ihre-idee-fuer-ein-tattoo\\\/wir-haben-alle-das-gleiche-problem\\\/\",\"name\":\"Wir haben alle das gleiche Problem - Think What You Ink\",\"isPartOf\":{\"@id\":\"https:\\\/\\\/www.zvaki.info\\\/#website\"},\"datePublished\":\"2016-05-02T17:50:02+00:00\",\"dateModified\":\"2016-05-03T18:41:02+00:00\",\"breadcrumb\":{\"@id\":\"https:\\\/\\\/www.zvaki.info\\\/de\\\/linden-sie-ihre-idee-fuer-ein-tattoo\\\/wir-haben-alle-das-gleiche-problem\\\/#breadcrumb\"},\"inLanguage\":\"de\",\"potentialAction\":[{\"@type\":\"ReadAction\",\"target\":[\"https:\\\/\\\/www.zvaki.info\\\/de\\\/linden-sie-ihre-idee-fuer-ein-tattoo\\\/wir-haben-alle-das-gleiche-problem\\\/\"]}]},{\"@type\":\"BreadcrumbList\",\"@id\":\"https:\\\/\\\/www.zvaki.info\\\/de\\\/linden-sie-ihre-idee-fuer-ein-tattoo\\\/wir-haben-alle-das-gleiche-problem\\\/#breadcrumb\",\"itemListElement\":[{\"@type\":\"ListItem\",\"position\":1,\"name\":\"Po\u010detna stranica\",\"item\":\"https:\\\/\\\/www.zvaki.info\\\/de\\\/\"},{\"@type\":\"ListItem\",\"position\":2,\"name\":\"Linden Sie Ihre Idee f\u00fcr ein Tattoo\",\"item\":\"https:\\\/\\\/www.zvaki.info\\\/de\\\/linden-sie-ihre-idee-fuer-ein-tattoo\\\/\"},{\"@type\":\"ListItem\",\"position\":3,\"name\":\"Wir haben alle das gleiche Problem\"}]},{\"@type\":\"WebSite\",\"@id\":\"https:\\\/\\\/www.zvaki.info\\\/#website\",\"url\":\"https:\\\/\\\/www.zvaki.info\\\/\",\"name\":\"Think What You Ink\",\"description\":\"Vodi\u010d kroz tetoviranje\",\"potentialAction\":[{\"@type\":\"SearchAction\",\"target\":{\"@type\":\"EntryPoint\",\"urlTemplate\":\"https:\\\/\\\/www.zvaki.info\\\/?s={search_term_string}\"},\"query-input\":{\"@type\":\"PropertyValueSpecification\",\"valueRequired\":true,\"valueName\":\"search_term_string\"}}],\"inLanguage\":\"de\"}]}<\/script>\n<!-- \/ Yoast SEO plugin. -->","yoast_head_json":{"title":"Wir haben alle das gleiche Problem - Think What You Ink","robots":{"index":"index","follow":"follow","max-snippet":"max-snippet:-1","max-image-preview":"max-image-preview:large","max-video-preview":"max-video-preview:-1"},"canonical":"https:\/\/www.zvaki.info\/de\/linden-sie-ihre-idee-fuer-ein-tattoo\/wir-haben-alle-das-gleiche-problem\/","og_locale":"de_DE","og_type":"article","og_title":"Wir haben alle das gleiche Problem - Think What You Ink","og_description":"Die meisten Kunden haben alle das gleiche Problem: Was lasse ich mir t\u00e4towieren, ohne es jemals zu bereuen? Auf der Suche nach der L\u00f6sung, kommen die Kunden auf verschiedene Denkanstze, welche in diesem Moment logisch erscheinen. Um einen &hellip;","og_url":"https:\/\/www.zvaki.info\/de\/linden-sie-ihre-idee-fuer-ein-tattoo\/wir-haben-alle-das-gleiche-problem\/","og_site_name":"Think What You Ink","article_publisher":"https:\/\/www.facebook.com\/anubistattoostudio\/?fref=ts","article_modified_time":"2016-05-03T18:41:02+00:00","og_image":[{"width":1200,"height":630,"url":"https:\/\/www.zvaki.info\/zvaki\/wp-content\/uploads\/2016\/05\/facebook.jpg","type":"image\/jpeg"}],"twitter_card":"summary_large_image","twitter_misc":{"Gesch\u00e4tzte Lesezeit":"3\u00a0Minuten"},"schema":{"@context":"https:\/\/schema.org","@graph":[{"@type":"WebPage","@id":"https:\/\/www.zvaki.info\/de\/linden-sie-ihre-idee-fuer-ein-tattoo\/wir-haben-alle-das-gleiche-problem\/","url":"https:\/\/www.zvaki.info\/de\/linden-sie-ihre-idee-fuer-ein-tattoo\/wir-haben-alle-das-gleiche-problem\/","name":"Wir haben alle das gleiche Problem - Think What You Ink","isPartOf":{"@id":"https:\/\/www.zvaki.info\/#website"},"datePublished":"2016-05-02T17:50:02+00:00","dateModified":"2016-05-03T18:41:02+00:00","breadcrumb":{"@id":"https:\/\/www.zvaki.info\/de\/linden-sie-ihre-idee-fuer-ein-tattoo\/wir-haben-alle-das-gleiche-problem\/#breadcrumb"},"inLanguage":"de","potentialAction":[{"@type":"ReadAction","target":["https:\/\/www.zvaki.info\/de\/linden-sie-ihre-idee-fuer-ein-tattoo\/wir-haben-alle-das-gleiche-problem\/"]}]},{"@type":"BreadcrumbList","@id":"https:\/\/www.zvaki.info\/de\/linden-sie-ihre-idee-fuer-ein-tattoo\/wir-haben-alle-das-gleiche-problem\/#breadcrumb","itemListElement":[{"@type":"ListItem","position":1,"name":"Po\u010detna stranica","item":"https:\/\/www.zvaki.info\/de\/"},{"@type":"ListItem","position":2,"name":"Linden Sie Ihre Idee f\u00fcr ein Tattoo","item":"https:\/\/www.zvaki.info\/de\/linden-sie-ihre-idee-fuer-ein-tattoo\/"},{"@type":"ListItem","position":3,"name":"Wir haben alle das gleiche Problem"}]},{"@type":"WebSite","@id":"https:\/\/www.zvaki.info\/#website","url":"https:\/\/www.zvaki.info\/","name":"Think What You Ink","description":"Vodi\u010d kroz tetoviranje","potentialAction":[{"@type":"SearchAction","target":{"@type":"EntryPoint","urlTemplate":"https:\/\/www.zvaki.info\/?s={search_term_string}"},"query-input":{"@type":"PropertyValueSpecification","valueRequired":true,"valueName":"search_term_string"}}],"inLanguage":"de"}]}},"_links":{"self":[{"href":"https:\/\/www.zvaki.info\/de\/wp-json\/wp\/v2\/pages\/172","targetHints":{"allow":["GET"]}}],"collection":[{"href":"https:\/\/www.zvaki.info\/de\/wp-json\/wp\/v2\/pages"}],"about":[{"href":"https:\/\/www.zvaki.info\/de\/wp-json\/wp\/v2\/types\/page"}],"author":[{"embeddable":true,"href":"https:\/\/www.zvaki.info\/de\/wp-json\/wp\/v2\/users\/1"}],"replies":[{"embeddable":true,"href":"https:\/\/www.zvaki.info\/de\/wp-json\/wp\/v2\/comments?post=172"}],"version-history":[{"count":2,"href":"https:\/\/www.zvaki.info\/de\/wp-json\/wp\/v2\/pages\/172\/revisions"}],"predecessor-version":[{"id":238,"href":"https:\/\/www.zvaki.info\/de\/wp-json\/wp\/v2\/pages\/172\/revisions\/238"}],"up":[{"embeddable":true,"href":"https:\/\/www.zvaki.info\/de\/wp-json\/wp\/v2\/pages\/175"}],"wp:attachment":[{"href":"https:\/\/www.zvaki.info\/de\/wp-json\/wp\/v2\/media?parent=172"}],"curies":[{"name":"wp","href":"https:\/\/api.w.org\/{rel}","templated":true}]}}