{"id":160,"date":"2016-05-02T20:19:53","date_gmt":"2016-05-02T18:19:53","guid":{"rendered":"http:\/\/www.zvaki.info\/zvaki\/de\/idealan-proces-odabira-do-tetoviranja\/"},"modified":"2016-05-03T20:46:40","modified_gmt":"2016-05-03T18:46:40","slug":"was-ist-der-ideale-weg-zu-einer-taetowierung","status":"publish","type":"page","link":"https:\/\/www.zvaki.info\/de\/was-als-naechstes-wenn-sie-sich-entscheiden-ein-tattoo-zu-bekommen\/was-ist-der-ideale-weg-zu-einer-taetowierung\/","title":{"rendered":"Was ist der ideale Weg zu einer T\u00e4towierung?"},"content":{"rendered":"<h3>Kunden<\/h3>\n<ol>\n<li>Es muss bereits eine Idee vorhanden sein.<\/li>\n<li>Es m\u00fcssen Galerien der m\u00f6glichen Tattoo-Studios studiert und verglichen werden.<\/li>\n<li>Wenn Sie entschieden haben, welches Tattoo-Studio sie visuell am meisten \u00fcberzeugte, bem\u00fchen Sie sich um andere Kundenmeinungen.<\/li>\n<li>Sie sollten sich besonders f\u00fcr die Hygiene des Studios interessieren. Gehen Sie vorbei und fragen Sie danach. Wichtig ist: Desinfektion, Sterilisation und \u00fcbertragbare Krankheiten.<\/li>\n<li>Rufen Sie das Tattoo-Studio an und vereinbaren Sie einen Termin.<\/li>\n<li>Wenn Sie dort sind, sollten Sie bereit sein, Kompromisse einzugehen.<\/li>\n<li>Der T\u00e4towierer kann erst entscheiden, ob er dies umsetzen kann, wenn er die Gr\u00f6sse, den Ort und den Preisrahmen kennt.<\/li>\n<li>Wenn alles passt, machen Sie einen neuen Termin. Ansonsten suchen Sie ein neues Studio.<\/li>\n<li>Schenken Sie Ihrem Tattoo-Meister Vertrauen, denn Sie haben ihn gew\u00e4hlt.<\/li>\n<\/ol>\n<h3>Was Kunden nicht tun sollten<\/h3>\n<ol>\n<li>Ein Tattoo-Studio suchen, bei dem nur der Preis stimmt.<\/li>\n<li>Auf gut gemeinte Ratschl\u00e4ge von Freunden h\u00f6ren.<\/li>\n<li>In ein Studio zu gehen, ohne vorher je eine Arbeit gesehen zu haben.<\/li>\n<li>Selbst zu entscheiden, wie der T\u00e4towierer zu arbeiten hat.<\/li>\n<li>Eine T\u00e4towierungen wegen Mitmenschen machen.<\/li>\n<li>Eigene Gesetze zur Erhaltung einer T\u00e4towierung zu erarbeiten.<\/li>\n<\/ol>\n","protected":false},"excerpt":{"rendered":"<p>Kunden Es muss bereits eine Idee vorhanden sein. Es m\u00fcssen Galerien der m\u00f6glichen Tattoo-Studios studiert und verglichen werden. Wenn Sie entschieden haben, welches Tattoo-Studio sie visuell am meisten \u00fcberzeugte, bem\u00fchen Sie sich um andere Kundenmeinungen. Sie sollten sich &hellip;<\/p>\n","protected":false},"author":1,"featured_media":0,"parent":163,"menu_order":1,"comment_status":"closed","ping_status":"closed","template":"","meta":{"_acf_changed":false,"footnotes":""},"class_list":["post-160","page","type-page","status-publish","hentry"],"acf":[],"yoast_head":"<!-- This site is optimized with the Yoast SEO plugin v26.4 - https:\/\/yoast.com\/wordpress\/plugins\/seo\/ -->\n<title>Was ist der ideale Weg zu einer T\u00e4towierung? - Think What You Ink<\/title>\n<meta name=\"robots\" content=\"index, follow, max-snippet:-1, max-image-preview:large, max-video-preview:-1\" \/>\n<link rel=\"canonical\" href=\"https:\/\/www.zvaki.info\/de\/was-als-naechstes-wenn-sie-sich-entscheiden-ein-tattoo-zu-bekommen\/was-ist-der-ideale-weg-zu-einer-taetowierung\/\" \/>\n<meta property=\"og:locale\" content=\"de_DE\" \/>\n<meta property=\"og:type\" content=\"article\" \/>\n<meta property=\"og:title\" content=\"Was ist der ideale Weg zu einer T\u00e4towierung? - Think What You Ink\" \/>\n<meta property=\"og:description\" content=\"Kunden Es muss bereits eine Idee vorhanden sein. Es m\u00fcssen Galerien der m\u00f6glichen Tattoo-Studios studiert und verglichen werden. Wenn Sie entschieden haben, welches Tattoo-Studio sie visuell am meisten \u00fcberzeugte, bem\u00fchen Sie sich um andere Kundenmeinungen. Sie sollten sich &hellip;\" \/>\n<meta property=\"og:url\" content=\"https:\/\/www.zvaki.info\/de\/was-als-naechstes-wenn-sie-sich-entscheiden-ein-tattoo-zu-bekommen\/was-ist-der-ideale-weg-zu-einer-taetowierung\/\" \/>\n<meta property=\"og:site_name\" content=\"Think What You Ink\" \/>\n<meta property=\"article:publisher\" content=\"https:\/\/www.facebook.com\/anubistattoostudio\/?fref=ts\" \/>\n<meta property=\"article:modified_time\" content=\"2016-05-03T18:46:40+00:00\" \/>\n<meta property=\"og:image\" content=\"https:\/\/www.zvaki.info\/zvaki\/wp-content\/uploads\/2016\/05\/facebook.jpg\" \/>\n\t<meta property=\"og:image:width\" content=\"1200\" \/>\n\t<meta property=\"og:image:height\" content=\"630\" \/>\n\t<meta property=\"og:image:type\" content=\"image\/jpeg\" \/>\n<meta name=\"twitter:card\" content=\"summary_large_image\" \/>\n<meta name=\"twitter:label1\" content=\"Gesch\u00e4tzte Lesezeit\" \/>\n\t<meta name=\"twitter:data1\" content=\"1\u00a0Minute\" \/>\n<script type=\"application\/ld+json\" class=\"yoast-schema-graph\">{\"@context\":\"https:\/\/schema.org\",\"@graph\":[{\"@type\":\"WebPage\",\"@id\":\"https:\/\/www.zvaki.info\/de\/was-als-naechstes-wenn-sie-sich-entscheiden-ein-tattoo-zu-bekommen\/was-ist-der-ideale-weg-zu-einer-taetowierung\/\",\"url\":\"https:\/\/www.zvaki.info\/de\/was-als-naechstes-wenn-sie-sich-entscheiden-ein-tattoo-zu-bekommen\/was-ist-der-ideale-weg-zu-einer-taetowierung\/\",\"name\":\"Was ist der ideale Weg zu einer T\u00e4towierung? - Think What You Ink\",\"isPartOf\":{\"@id\":\"https:\/\/www.zvaki.info\/#website\"},\"datePublished\":\"2016-05-02T18:19:53+00:00\",\"dateModified\":\"2016-05-03T18:46:40+00:00\",\"breadcrumb\":{\"@id\":\"https:\/\/www.zvaki.info\/de\/was-als-naechstes-wenn-sie-sich-entscheiden-ein-tattoo-zu-bekommen\/was-ist-der-ideale-weg-zu-einer-taetowierung\/#breadcrumb\"},\"inLanguage\":\"de\",\"potentialAction\":[{\"@type\":\"ReadAction\",\"target\":[\"https:\/\/www.zvaki.info\/de\/was-als-naechstes-wenn-sie-sich-entscheiden-ein-tattoo-zu-bekommen\/was-ist-der-ideale-weg-zu-einer-taetowierung\/\"]}]},{\"@type\":\"BreadcrumbList\",\"@id\":\"https:\/\/www.zvaki.info\/de\/was-als-naechstes-wenn-sie-sich-entscheiden-ein-tattoo-zu-bekommen\/was-ist-der-ideale-weg-zu-einer-taetowierung\/#breadcrumb\",\"itemListElement\":[{\"@type\":\"ListItem\",\"position\":1,\"name\":\"Po\u010detna stranica\",\"item\":\"https:\/\/www.zvaki.info\/de\/\"},{\"@type\":\"ListItem\",\"position\":2,\"name\":\"Was als n\u00e4chstes, wenn Sie sich entscheiden, ein Tattoo zu bekommen\",\"item\":\"https:\/\/www.zvaki.info\/de\/was-als-naechstes-wenn-sie-sich-entscheiden-ein-tattoo-zu-bekommen\/\"},{\"@type\":\"ListItem\",\"position\":3,\"name\":\"Was ist der ideale Weg zu einer T\u00e4towierung?\"}]},{\"@type\":\"WebSite\",\"@id\":\"https:\/\/www.zvaki.info\/#website\",\"url\":\"https:\/\/www.zvaki.info\/\",\"name\":\"Think What You Ink\",\"description\":\"Vodi\u010d kroz tetoviranje\",\"potentialAction\":[{\"@type\":\"SearchAction\",\"target\":{\"@type\":\"EntryPoint\",\"urlTemplate\":\"https:\/\/www.zvaki.info\/?s={search_term_string}\"},\"query-input\":{\"@type\":\"PropertyValueSpecification\",\"valueRequired\":true,\"valueName\":\"search_term_string\"}}],\"inLanguage\":\"de\"}]}<\/script>\n<!-- \/ Yoast SEO plugin. -->","yoast_head_json":{"title":"Was ist der ideale Weg zu einer T\u00e4towierung? - Think What You Ink","robots":{"index":"index","follow":"follow","max-snippet":"max-snippet:-1","max-image-preview":"max-image-preview:large","max-video-preview":"max-video-preview:-1"},"canonical":"https:\/\/www.zvaki.info\/de\/was-als-naechstes-wenn-sie-sich-entscheiden-ein-tattoo-zu-bekommen\/was-ist-der-ideale-weg-zu-einer-taetowierung\/","og_locale":"de_DE","og_type":"article","og_title":"Was ist der ideale Weg zu einer T\u00e4towierung? - Think What You Ink","og_description":"Kunden Es muss bereits eine Idee vorhanden sein. Es m\u00fcssen Galerien der m\u00f6glichen Tattoo-Studios studiert und verglichen werden. Wenn Sie entschieden haben, welches Tattoo-Studio sie visuell am meisten \u00fcberzeugte, bem\u00fchen Sie sich um andere Kundenmeinungen. Sie sollten sich &hellip;","og_url":"https:\/\/www.zvaki.info\/de\/was-als-naechstes-wenn-sie-sich-entscheiden-ein-tattoo-zu-bekommen\/was-ist-der-ideale-weg-zu-einer-taetowierung\/","og_site_name":"Think What You Ink","article_publisher":"https:\/\/www.facebook.com\/anubistattoostudio\/?fref=ts","article_modified_time":"2016-05-03T18:46:40+00:00","og_image":[{"width":1200,"height":630,"url":"https:\/\/www.zvaki.info\/zvaki\/wp-content\/uploads\/2016\/05\/facebook.jpg","type":"image\/jpeg"}],"twitter_card":"summary_large_image","twitter_misc":{"Gesch\u00e4tzte Lesezeit":"1\u00a0Minute"},"schema":{"@context":"https:\/\/schema.org","@graph":[{"@type":"WebPage","@id":"https:\/\/www.zvaki.info\/de\/was-als-naechstes-wenn-sie-sich-entscheiden-ein-tattoo-zu-bekommen\/was-ist-der-ideale-weg-zu-einer-taetowierung\/","url":"https:\/\/www.zvaki.info\/de\/was-als-naechstes-wenn-sie-sich-entscheiden-ein-tattoo-zu-bekommen\/was-ist-der-ideale-weg-zu-einer-taetowierung\/","name":"Was ist der ideale Weg zu einer T\u00e4towierung? - Think What You Ink","isPartOf":{"@id":"https:\/\/www.zvaki.info\/#website"},"datePublished":"2016-05-02T18:19:53+00:00","dateModified":"2016-05-03T18:46:40+00:00","breadcrumb":{"@id":"https:\/\/www.zvaki.info\/de\/was-als-naechstes-wenn-sie-sich-entscheiden-ein-tattoo-zu-bekommen\/was-ist-der-ideale-weg-zu-einer-taetowierung\/#breadcrumb"},"inLanguage":"de","potentialAction":[{"@type":"ReadAction","target":["https:\/\/www.zvaki.info\/de\/was-als-naechstes-wenn-sie-sich-entscheiden-ein-tattoo-zu-bekommen\/was-ist-der-ideale-weg-zu-einer-taetowierung\/"]}]},{"@type":"BreadcrumbList","@id":"https:\/\/www.zvaki.info\/de\/was-als-naechstes-wenn-sie-sich-entscheiden-ein-tattoo-zu-bekommen\/was-ist-der-ideale-weg-zu-einer-taetowierung\/#breadcrumb","itemListElement":[{"@type":"ListItem","position":1,"name":"Po\u010detna stranica","item":"https:\/\/www.zvaki.info\/de\/"},{"@type":"ListItem","position":2,"name":"Was als n\u00e4chstes, wenn Sie sich entscheiden, ein Tattoo zu bekommen","item":"https:\/\/www.zvaki.info\/de\/was-als-naechstes-wenn-sie-sich-entscheiden-ein-tattoo-zu-bekommen\/"},{"@type":"ListItem","position":3,"name":"Was ist der ideale Weg zu einer T\u00e4towierung?"}]},{"@type":"WebSite","@id":"https:\/\/www.zvaki.info\/#website","url":"https:\/\/www.zvaki.info\/","name":"Think What You Ink","description":"Vodi\u010d kroz tetoviranje","potentialAction":[{"@type":"SearchAction","target":{"@type":"EntryPoint","urlTemplate":"https:\/\/www.zvaki.info\/?s={search_term_string}"},"query-input":{"@type":"PropertyValueSpecification","valueRequired":true,"valueName":"search_term_string"}}],"inLanguage":"de"}]}},"_links":{"self":[{"href":"https:\/\/www.zvaki.info\/de\/wp-json\/wp\/v2\/pages\/160","targetHints":{"allow":["GET"]}}],"collection":[{"href":"https:\/\/www.zvaki.info\/de\/wp-json\/wp\/v2\/pages"}],"about":[{"href":"https:\/\/www.zvaki.info\/de\/wp-json\/wp\/v2\/types\/page"}],"author":[{"embeddable":true,"href":"https:\/\/www.zvaki.info\/de\/wp-json\/wp\/v2\/users\/1"}],"replies":[{"embeddable":true,"href":"https:\/\/www.zvaki.info\/de\/wp-json\/wp\/v2\/comments?post=160"}],"version-history":[{"count":3,"href":"https:\/\/www.zvaki.info\/de\/wp-json\/wp\/v2\/pages\/160\/revisions"}],"predecessor-version":[{"id":245,"href":"https:\/\/www.zvaki.info\/de\/wp-json\/wp\/v2\/pages\/160\/revisions\/245"}],"up":[{"embeddable":true,"href":"https:\/\/www.zvaki.info\/de\/wp-json\/wp\/v2\/pages\/163"}],"wp:attachment":[{"href":"https:\/\/www.zvaki.info\/de\/wp-json\/wp\/v2\/media?parent=160"}],"curies":[{"name":"wp","href":"https:\/\/api.w.org\/{rel}","templated":true}]}}