{"id":156,"date":"2016-05-02T20:28:45","date_gmt":"2016-05-02T18:28:45","guid":{"rendered":"http:\/\/www.zvaki.info\/zvaki\/de\/pravila-postavljanja-tetovaze\/"},"modified":"2016-05-03T20:53:59","modified_gmt":"2016-05-03T18:53:59","slug":"grundsatzregeln-ueber-tattoos","status":"publish","type":"page","link":"https:\/\/www.zvaki.info\/de\/was-als-naechstes-wenn-sie-sich-entscheiden-ein-tattoo-zu-bekommen\/grundsatzregeln-ueber-tattoos\/","title":{"rendered":"Grundsatzregeln \u00fcber Tattoos"},"content":{"rendered":"<p>Herren-Tattoos sollte immer auf der Muskelh\u00f6he platziert und anatomisch gef\u00fchrt werden.<\/p>\n<p>Frauen-Tattoos sollten eher der Figur Linie folgen.<\/p>\n<p>Das Wichtigste beim Positionieren einer T\u00e4towierung ist:<\/p>\n<p>&#8211; Die Form der T\u00e4towierung betrachten und es auf die entsprechende Stelle auf dem K\u00f6rper legen.<\/p>\n<p>Falsches Format an der falschen Stelle garantiert ein schlechtes Tattoo Die Gr\u00f6sse sollte proportional zu der Gr\u00f6\u00dfe der K\u00f6rperstelle sein<\/p>\n<p>-Grosse Tattoos auf grosse Fl\u00e4chen und kleine T\u00e4towierungen auf die kleinen Fl\u00e4chenWie die T\u00e4towierung gedreht wird Damit die T\u00e4towierung richtig platziert wird, muss man den Lauf des Motivs beachten.<\/p>\n<p>Lassen Sie uns ein paar Beispiele beliebter Motive und ihrer Gr\u00f6ssen anschauen<\/p>\n<h3>Fonts<\/h3>\n<p>Computer-Schrift ist perfekt. Kann in jeder beliebigen Gr\u00f6\u00dfe gedruckt werden, und kann jedes Detail der Buchstaben anzeigen.<br \/>\nDer Kunde w\u00e4hlt den Text, Schriftart, Gr\u00f6\u00dfe und den Ort.<br \/>\nWenn Sie die falsche Gr\u00f6sse und Schrift w\u00e4hlen, ziert die Stelle eine sch\u00f6ne Krakelschrift\u2026<br \/>\nBei feinen Schriftz\u00fcgen sollten minimal 0,5 cm in der H\u00f6he sein, bei gr\u00f6sseren Schriftz\u00fcgen mindestens 1 cm.<br \/>\nTatsache ist, dass technisch alles m\u00f6glich ist, aber das Tattoo weitet sich mit der Zeit, so werden zu eng geschriebene Buchstaben eines Tages verbunden sein.<\/p>\n<p><img loading=\"lazy\" decoding=\"async\" class=\"wp-image-49 size-full aligncenter\" src=\"http:\/\/www.zvaki.info\/zvaki\/wp-content\/uploads\/2016\/05\/tattoo1.jpg\" alt=\"Exif_JPEG_PICTURE\" width=\"500\" height=\"310\" srcset=\"https:\/\/www.zvaki.info\/zvaki\/wp-content\/uploads\/2016\/05\/tattoo1.jpg 500w, https:\/\/www.zvaki.info\/zvaki\/wp-content\/uploads\/2016\/05\/tattoo1-300x186.jpg 300w\" sizes=\"auto, (max-width: 500px) 100vw, 500px\" \/><\/p>\n<h3>Kalligraphie<\/h3>\n<p>Kalligraphie f\u00e4llt in die Kategorie des Texts, aber es ist von Hand geschrieben. Dies erm\u00f6glicht eine noch bessere Qualit\u00e4t, weil der Tattoo-Artist die Gr\u00f6\u00dfe individuell anpassen kann, damit sie ein Leben lang sch\u00f6n aussieht.<\/p>\n<script>\r\n\tvar photo_num = 1;\r\n<\/script>\r\n\r\n\r\n<div class=\"col-md-12 owl-wrapper-content\">\r\n\t<div class=\"owl-carousel\">\r\n\r\n\t\t\t\t\t\t<div class=\"item\">\r\n\t\t\t<a class=\"fancybox\" rel=\"fancybox-thumb\" href=\"https:\/\/www.zvaki.info\/zvaki\/wp-content\/uploads\/2016\/05\/420b049012c6cd531eb3d7501ccda624-crop-u2607.jpg\" >\r\n\t\t\t  <img decoding=\"async\" src=\"https:\/\/www.zvaki.info\/zvaki\/wp-content\/uploads\/2016\/05\/420b049012c6cd531eb3d7501ccda624-crop-u2607-315x235.jpg\"  \/>\r\n\t\t\t<\/a>\r\n\t\t<\/div>\r\n\t\t\t  \r\n\t<\/div>\r\n<\/div>\r\n\r\n\r\n\n<p><!--more--><\/p>\n<h3>Gesichter<\/h3>\n<p>Wenn ein Gesicht gew\u00fcnscht wird, muss dies mindestens 3cm gross sein. Ein Portrait mindestens 8 cm. Dies gilt auch f\u00fcr Tiere.<br \/>\n<script>\r\n\tvar photo_num = 2;\r\n<\/script>\r\n\r\n\r\n<div class=\"col-md-12 owl-wrapper-content\">\r\n\t<div class=\"owl-carousel\">\r\n\r\n\t\t\t\t\t\t<div class=\"item\">\r\n\t\t\t<a class=\"fancybox\" rel=\"fancybox-thumb\" href=\"https:\/\/www.zvaki.info\/zvaki\/wp-content\/uploads\/2016\/05\/t1_-cherub-tattoo_296-crop-u2688.jpg\" >\r\n\t\t\t  <img decoding=\"async\" src=\"https:\/\/www.zvaki.info\/zvaki\/wp-content\/uploads\/2016\/05\/t1_-cherub-tattoo_296-crop-u2688-315x235.jpg\"  \/>\r\n\t\t\t<\/a>\r\n\t\t<\/div>\r\n\t\t\t\t\t\t<div class=\"item\">\r\n\t\t\t<a class=\"fancybox\" rel=\"fancybox-thumb\" href=\"https:\/\/www.zvaki.info\/zvaki\/wp-content\/uploads\/2016\/05\/cupid-cherub-tattoo-crop-u2679.jpg\" >\r\n\t\t\t  <img decoding=\"async\" src=\"https:\/\/www.zvaki.info\/zvaki\/wp-content\/uploads\/2016\/05\/cupid-cherub-tattoo-crop-u2679-315x235.jpg\"  \/>\r\n\t\t\t<\/a>\r\n\t\t<\/div>\r\n\t\t\t  \r\n\t<\/div>\r\n<\/div>\r\n\r\n\r\n<\/p>\n<p>&nbsp;<\/p>\n<p><!--more--><\/p>\n<h3>Blumen<\/h3>\n<p>M\u00f6chten Sie eine realistische Blume, so sollte diese mindestens 8-10 cm gross sein, cm unter das sich am besten in verschiedenen Schnitten angepasst werden. Je kleiner, desto weniger aufwendig.<\/p>\n<script>\r\n\tvar photo_num = 2;\r\n<\/script>\r\n\r\n\r\n<div class=\"col-md-12 owl-wrapper-content\">\r\n\t<div class=\"owl-carousel\">\r\n\r\n\t\t\t\t\t\t<div class=\"item\">\r\n\t\t\t<a class=\"fancybox\" rel=\"fancybox-thumb\" href=\"https:\/\/www.zvaki.info\/zvaki\/wp-content\/uploads\/2016\/05\/70b36763e426d706c418b234b9f27579-crop-u2769.jpg\" >\r\n\t\t\t  <img decoding=\"async\" src=\"https:\/\/www.zvaki.info\/zvaki\/wp-content\/uploads\/2016\/05\/70b36763e426d706c418b234b9f27579-crop-u2769-315x235.jpg\"  \/>\r\n\t\t\t<\/a>\r\n\t\t<\/div>\r\n\t\t\t\t\t\t<div class=\"item\">\r\n\t\t\t<a class=\"fancybox\" rel=\"fancybox-thumb\" href=\"https:\/\/www.zvaki.info\/zvaki\/wp-content\/uploads\/2016\/05\/1511292_634622246584066_2117220369_n.jpg\" >\r\n\t\t\t  <img decoding=\"async\" src=\"https:\/\/www.zvaki.info\/zvaki\/wp-content\/uploads\/2016\/05\/1511292_634622246584066_2117220369_n-315x235.jpg\"  \/>\r\n\t\t\t<\/a>\r\n\t\t<\/div>\r\n\t\t\t  \r\n\t<\/div>\r\n<\/div>\r\n\r\n\r\n\n<p>&nbsp;<\/p>\n<p>Dies sind alles Mindestgr\u00f6ssen. Wenn Sie sich daran halten, wird das Tattoo sensationell aussehen.<\/p>\n<p>Seien Sie klug und h\u00f6ren Sie auf den Rat ihres Tattoo-K\u00fcnstlers.<\/p>\n","protected":false},"excerpt":{"rendered":"<p>Herren-Tattoos sollte immer auf der Muskelh\u00f6he platziert und anatomisch gef\u00fchrt werden. Frauen-Tattoos sollten eher der Figur Linie folgen. Das Wichtigste beim Positionieren einer T\u00e4towierung ist: &#8211; Die Form der T\u00e4towierung betrachten und es auf die entsprechende Stelle auf &hellip;<\/p>\n","protected":false},"author":1,"featured_media":0,"parent":163,"menu_order":3,"comment_status":"closed","ping_status":"closed","template":"","meta":{"_acf_changed":false,"footnotes":""},"class_list":["post-156","page","type-page","status-publish","hentry"],"acf":[],"yoast_head":"<!-- This site is optimized with the Yoast SEO plugin v26.4 - https:\/\/yoast.com\/wordpress\/plugins\/seo\/ -->\n<title>Grundsatzregeln \u00fcber Tattoos - Think What You Ink<\/title>\n<meta name=\"robots\" content=\"index, follow, max-snippet:-1, max-image-preview:large, max-video-preview:-1\" \/>\n<link rel=\"canonical\" href=\"https:\/\/www.zvaki.info\/de\/was-als-naechstes-wenn-sie-sich-entscheiden-ein-tattoo-zu-bekommen\/grundsatzregeln-ueber-tattoos\/\" \/>\n<meta property=\"og:locale\" content=\"de_DE\" \/>\n<meta property=\"og:type\" content=\"article\" \/>\n<meta property=\"og:title\" content=\"Grundsatzregeln \u00fcber Tattoos - Think What You Ink\" \/>\n<meta property=\"og:description\" content=\"Herren-Tattoos sollte immer auf der Muskelh\u00f6he platziert und anatomisch gef\u00fchrt werden. Frauen-Tattoos sollten eher der Figur Linie folgen. Das Wichtigste beim Positionieren einer T\u00e4towierung ist: &#8211; Die Form der T\u00e4towierung betrachten und es auf die entsprechende Stelle auf &hellip;\" \/>\n<meta property=\"og:url\" content=\"https:\/\/www.zvaki.info\/de\/was-als-naechstes-wenn-sie-sich-entscheiden-ein-tattoo-zu-bekommen\/grundsatzregeln-ueber-tattoos\/\" \/>\n<meta property=\"og:site_name\" content=\"Think What You Ink\" \/>\n<meta property=\"article:publisher\" content=\"https:\/\/www.facebook.com\/anubistattoostudio\/?fref=ts\" \/>\n<meta property=\"article:modified_time\" content=\"2016-05-03T18:53:59+00:00\" \/>\n<meta property=\"og:image\" content=\"https:\/\/www.zvaki.info\/zvaki\/wp-content\/uploads\/2016\/05\/420b049012c6cd531eb3d7501ccda624-crop-u2607-315x235.jpg\" \/>\n<meta name=\"twitter:card\" content=\"summary_large_image\" \/>\n<meta name=\"twitter:label1\" content=\"Gesch\u00e4tzte Lesezeit\" \/>\n\t<meta name=\"twitter:data1\" content=\"2\u00a0Minuten\" \/>\n<script type=\"application\/ld+json\" class=\"yoast-schema-graph\">{\"@context\":\"https:\/\/schema.org\",\"@graph\":[{\"@type\":\"WebPage\",\"@id\":\"https:\/\/www.zvaki.info\/de\/was-als-naechstes-wenn-sie-sich-entscheiden-ein-tattoo-zu-bekommen\/grundsatzregeln-ueber-tattoos\/\",\"url\":\"https:\/\/www.zvaki.info\/de\/was-als-naechstes-wenn-sie-sich-entscheiden-ein-tattoo-zu-bekommen\/grundsatzregeln-ueber-tattoos\/\",\"name\":\"Grundsatzregeln \u00fcber Tattoos - Think What You Ink\",\"isPartOf\":{\"@id\":\"https:\/\/www.zvaki.info\/#website\"},\"primaryImageOfPage\":{\"@id\":\"https:\/\/www.zvaki.info\/de\/was-als-naechstes-wenn-sie-sich-entscheiden-ein-tattoo-zu-bekommen\/grundsatzregeln-ueber-tattoos\/#primaryimage\"},\"image\":{\"@id\":\"https:\/\/www.zvaki.info\/de\/was-als-naechstes-wenn-sie-sich-entscheiden-ein-tattoo-zu-bekommen\/grundsatzregeln-ueber-tattoos\/#primaryimage\"},\"thumbnailUrl\":\"http:\/\/www.zvaki.info\/zvaki\/wp-content\/uploads\/2016\/05\/tattoo1.jpg\",\"datePublished\":\"2016-05-02T18:28:45+00:00\",\"dateModified\":\"2016-05-03T18:53:59+00:00\",\"breadcrumb\":{\"@id\":\"https:\/\/www.zvaki.info\/de\/was-als-naechstes-wenn-sie-sich-entscheiden-ein-tattoo-zu-bekommen\/grundsatzregeln-ueber-tattoos\/#breadcrumb\"},\"inLanguage\":\"de\",\"potentialAction\":[{\"@type\":\"ReadAction\",\"target\":[\"https:\/\/www.zvaki.info\/de\/was-als-naechstes-wenn-sie-sich-entscheiden-ein-tattoo-zu-bekommen\/grundsatzregeln-ueber-tattoos\/\"]}]},{\"@type\":\"ImageObject\",\"inLanguage\":\"de\",\"@id\":\"https:\/\/www.zvaki.info\/de\/was-als-naechstes-wenn-sie-sich-entscheiden-ein-tattoo-zu-bekommen\/grundsatzregeln-ueber-tattoos\/#primaryimage\",\"url\":\"http:\/\/www.zvaki.info\/zvaki\/wp-content\/uploads\/2016\/05\/tattoo1.jpg\",\"contentUrl\":\"http:\/\/www.zvaki.info\/zvaki\/wp-content\/uploads\/2016\/05\/tattoo1.jpg\"},{\"@type\":\"BreadcrumbList\",\"@id\":\"https:\/\/www.zvaki.info\/de\/was-als-naechstes-wenn-sie-sich-entscheiden-ein-tattoo-zu-bekommen\/grundsatzregeln-ueber-tattoos\/#breadcrumb\",\"itemListElement\":[{\"@type\":\"ListItem\",\"position\":1,\"name\":\"Po\u010detna stranica\",\"item\":\"https:\/\/www.zvaki.info\/de\/\"},{\"@type\":\"ListItem\",\"position\":2,\"name\":\"Was als n\u00e4chstes, wenn Sie sich entscheiden, ein Tattoo zu bekommen\",\"item\":\"https:\/\/www.zvaki.info\/de\/was-als-naechstes-wenn-sie-sich-entscheiden-ein-tattoo-zu-bekommen\/\"},{\"@type\":\"ListItem\",\"position\":3,\"name\":\"Grundsatzregeln \u00fcber Tattoos\"}]},{\"@type\":\"WebSite\",\"@id\":\"https:\/\/www.zvaki.info\/#website\",\"url\":\"https:\/\/www.zvaki.info\/\",\"name\":\"Think What You Ink\",\"description\":\"Vodi\u010d kroz tetoviranje\",\"potentialAction\":[{\"@type\":\"SearchAction\",\"target\":{\"@type\":\"EntryPoint\",\"urlTemplate\":\"https:\/\/www.zvaki.info\/?s={search_term_string}\"},\"query-input\":{\"@type\":\"PropertyValueSpecification\",\"valueRequired\":true,\"valueName\":\"search_term_string\"}}],\"inLanguage\":\"de\"}]}<\/script>\n<!-- \/ Yoast SEO plugin. -->","yoast_head_json":{"title":"Grundsatzregeln \u00fcber Tattoos - Think What You Ink","robots":{"index":"index","follow":"follow","max-snippet":"max-snippet:-1","max-image-preview":"max-image-preview:large","max-video-preview":"max-video-preview:-1"},"canonical":"https:\/\/www.zvaki.info\/de\/was-als-naechstes-wenn-sie-sich-entscheiden-ein-tattoo-zu-bekommen\/grundsatzregeln-ueber-tattoos\/","og_locale":"de_DE","og_type":"article","og_title":"Grundsatzregeln \u00fcber Tattoos - Think What You Ink","og_description":"Herren-Tattoos sollte immer auf der Muskelh\u00f6he platziert und anatomisch gef\u00fchrt werden. Frauen-Tattoos sollten eher der Figur Linie folgen. Das Wichtigste beim Positionieren einer T\u00e4towierung ist: &#8211; Die Form der T\u00e4towierung betrachten und es auf die entsprechende Stelle auf &hellip;","og_url":"https:\/\/www.zvaki.info\/de\/was-als-naechstes-wenn-sie-sich-entscheiden-ein-tattoo-zu-bekommen\/grundsatzregeln-ueber-tattoos\/","og_site_name":"Think What You Ink","article_publisher":"https:\/\/www.facebook.com\/anubistattoostudio\/?fref=ts","article_modified_time":"2016-05-03T18:53:59+00:00","og_image":[{"url":"https:\/\/www.zvaki.info\/zvaki\/wp-content\/uploads\/2016\/05\/420b049012c6cd531eb3d7501ccda624-crop-u2607-315x235.jpg","type":"","width":"","height":""}],"twitter_card":"summary_large_image","twitter_misc":{"Gesch\u00e4tzte Lesezeit":"2\u00a0Minuten"},"schema":{"@context":"https:\/\/schema.org","@graph":[{"@type":"WebPage","@id":"https:\/\/www.zvaki.info\/de\/was-als-naechstes-wenn-sie-sich-entscheiden-ein-tattoo-zu-bekommen\/grundsatzregeln-ueber-tattoos\/","url":"https:\/\/www.zvaki.info\/de\/was-als-naechstes-wenn-sie-sich-entscheiden-ein-tattoo-zu-bekommen\/grundsatzregeln-ueber-tattoos\/","name":"Grundsatzregeln \u00fcber Tattoos - Think What You Ink","isPartOf":{"@id":"https:\/\/www.zvaki.info\/#website"},"primaryImageOfPage":{"@id":"https:\/\/www.zvaki.info\/de\/was-als-naechstes-wenn-sie-sich-entscheiden-ein-tattoo-zu-bekommen\/grundsatzregeln-ueber-tattoos\/#primaryimage"},"image":{"@id":"https:\/\/www.zvaki.info\/de\/was-als-naechstes-wenn-sie-sich-entscheiden-ein-tattoo-zu-bekommen\/grundsatzregeln-ueber-tattoos\/#primaryimage"},"thumbnailUrl":"http:\/\/www.zvaki.info\/zvaki\/wp-content\/uploads\/2016\/05\/tattoo1.jpg","datePublished":"2016-05-02T18:28:45+00:00","dateModified":"2016-05-03T18:53:59+00:00","breadcrumb":{"@id":"https:\/\/www.zvaki.info\/de\/was-als-naechstes-wenn-sie-sich-entscheiden-ein-tattoo-zu-bekommen\/grundsatzregeln-ueber-tattoos\/#breadcrumb"},"inLanguage":"de","potentialAction":[{"@type":"ReadAction","target":["https:\/\/www.zvaki.info\/de\/was-als-naechstes-wenn-sie-sich-entscheiden-ein-tattoo-zu-bekommen\/grundsatzregeln-ueber-tattoos\/"]}]},{"@type":"ImageObject","inLanguage":"de","@id":"https:\/\/www.zvaki.info\/de\/was-als-naechstes-wenn-sie-sich-entscheiden-ein-tattoo-zu-bekommen\/grundsatzregeln-ueber-tattoos\/#primaryimage","url":"http:\/\/www.zvaki.info\/zvaki\/wp-content\/uploads\/2016\/05\/tattoo1.jpg","contentUrl":"http:\/\/www.zvaki.info\/zvaki\/wp-content\/uploads\/2016\/05\/tattoo1.jpg"},{"@type":"BreadcrumbList","@id":"https:\/\/www.zvaki.info\/de\/was-als-naechstes-wenn-sie-sich-entscheiden-ein-tattoo-zu-bekommen\/grundsatzregeln-ueber-tattoos\/#breadcrumb","itemListElement":[{"@type":"ListItem","position":1,"name":"Po\u010detna stranica","item":"https:\/\/www.zvaki.info\/de\/"},{"@type":"ListItem","position":2,"name":"Was als n\u00e4chstes, wenn Sie sich entscheiden, ein Tattoo zu bekommen","item":"https:\/\/www.zvaki.info\/de\/was-als-naechstes-wenn-sie-sich-entscheiden-ein-tattoo-zu-bekommen\/"},{"@type":"ListItem","position":3,"name":"Grundsatzregeln \u00fcber Tattoos"}]},{"@type":"WebSite","@id":"https:\/\/www.zvaki.info\/#website","url":"https:\/\/www.zvaki.info\/","name":"Think What You Ink","description":"Vodi\u010d kroz tetoviranje","potentialAction":[{"@type":"SearchAction","target":{"@type":"EntryPoint","urlTemplate":"https:\/\/www.zvaki.info\/?s={search_term_string}"},"query-input":{"@type":"PropertyValueSpecification","valueRequired":true,"valueName":"search_term_string"}}],"inLanguage":"de"}]}},"_links":{"self":[{"href":"https:\/\/www.zvaki.info\/de\/wp-json\/wp\/v2\/pages\/156","targetHints":{"allow":["GET"]}}],"collection":[{"href":"https:\/\/www.zvaki.info\/de\/wp-json\/wp\/v2\/pages"}],"about":[{"href":"https:\/\/www.zvaki.info\/de\/wp-json\/wp\/v2\/types\/page"}],"author":[{"embeddable":true,"href":"https:\/\/www.zvaki.info\/de\/wp-json\/wp\/v2\/users\/1"}],"replies":[{"embeddable":true,"href":"https:\/\/www.zvaki.info\/de\/wp-json\/wp\/v2\/comments?post=156"}],"version-history":[{"count":2,"href":"https:\/\/www.zvaki.info\/de\/wp-json\/wp\/v2\/pages\/156\/revisions"}],"predecessor-version":[{"id":253,"href":"https:\/\/www.zvaki.info\/de\/wp-json\/wp\/v2\/pages\/156\/revisions\/253"}],"up":[{"embeddable":true,"href":"https:\/\/www.zvaki.info\/de\/wp-json\/wp\/v2\/pages\/163"}],"wp:attachment":[{"href":"https:\/\/www.zvaki.info\/de\/wp-json\/wp\/v2\/media?parent=156"}],"curies":[{"name":"wp","href":"https:\/\/api.w.org\/{rel}","templated":true}]}}