{"id":153,"date":"2016-05-02T20:36:02","date_gmt":"2016-05-02T18:36:02","guid":{"rendered":"http:\/\/www.zvaki.info\/zvaki\/de\/prioritet-velicina\/"},"modified":"2016-05-03T20:55:05","modified_gmt":"2016-05-03T18:55:05","slug":"prioritaet-groesse","status":"publish","type":"page","link":"https:\/\/www.zvaki.info\/de\/was-als-naechstes-wenn-sie-sich-entscheiden-ein-tattoo-zu-bekommen\/prioritaet-groesse\/","title":{"rendered":"Priorit\u00e4t Gr\u00f6sse"},"content":{"rendered":"<p>Wir beginnen mit einem Beispiel, welches Ihnen bei der Auswahl Ihrer idealen Tattoo helfen wird.<\/p>\n<p>Sie haben Ihr ideales Motiv gefunden. Sagen wir, einen Text und ein Bild.<\/p>\n<p>Sind Sie sicher, dass das, was Sie wollen, auch wirklich das ist, was Sie ihr Leben lang tragen m\u00f6chten?<\/p>\n<p>Sie haben sich entschieden, dass es kein grosses Tattoo wird.<\/p>\n<p><strong>(Gr\u00f6sse liegt im Auge des Betrachters).<\/strong><\/p>\n<p>Sie kommen mit Ihren W\u00fcnschen zu uns ins Studio.<\/p>\n<p>99% der Kunden wissen nicht, was sie konkret m\u00f6chten und erhalten drei Antworten:<\/p>\n<ol>\n<li>Ok, hoffentlich wird es machbar sein, es wird eine Zeit lang gut aussehen. (diese Antwort sollten Sie nie als Option w\u00e4hlen)<\/li>\n<li>Wenn Sie zu klein sagen, muss das Motiv vereinfacht werden. (\u00a0Sie werden zwar die Wunschgr\u00f6sse haben, jedoch nicht genau das Motiv, welches Sie sich w\u00fcnschen. )<\/li>\n<li>Seien Sie offen f\u00fcr die Tattoo-Gr\u00f6sse. Nur dann werden Sie eine T\u00e4towierung erhalten, mit der Sie ein Leben lang zufrieden sind. Die Motivgr\u00f6sse darf nie der Massstab sein.<\/li>\n<\/ol>\n<p><strong>Niemals wurde unser STUDIO mit der Erkl\u00e4rung \u201cScheisse, das Tattoo ist zu gross\u201d verlassen. Das Gegenteilige leider schon.<\/strong><\/p>\n<script>\r\n\tvar photo_num = '4';\r\n<\/script>\r\n\r\n\r\n<div class=\"col-md-12 owl-wrapper-content\">\r\n\t<div class=\"owl-carousel\">\r\n\r\n\t\t\t\t\t\t<div class=\"item\">\r\n\t\t\t<a class=\"fancybox\" rel=\"fancybox-thumb\" href=\"https:\/\/www.zvaki.info\/zvaki\/wp-content\/uploads\/2016\/05\/1-1.jpg\" >\r\n\t\t\t  <img decoding=\"async\" src=\"https:\/\/www.zvaki.info\/zvaki\/wp-content\/uploads\/2016\/05\/1-1-315x235.jpg\"  \/>\r\n\t\t\t<\/a>\r\n\t\t<\/div>\r\n\t\t\t\t\t\t<div class=\"item\">\r\n\t\t\t<a class=\"fancybox\" rel=\"fancybox-thumb\" href=\"https:\/\/www.zvaki.info\/zvaki\/wp-content\/uploads\/2016\/05\/2-1.jpg\" >\r\n\t\t\t  <img decoding=\"async\" src=\"https:\/\/www.zvaki.info\/zvaki\/wp-content\/uploads\/2016\/05\/2-1-315x235.jpg\"  \/>\r\n\t\t\t<\/a>\r\n\t\t<\/div>\r\n\t\t\t\t\t\t<div class=\"item\">\r\n\t\t\t<a class=\"fancybox\" rel=\"fancybox-thumb\" href=\"https:\/\/www.zvaki.info\/zvaki\/wp-content\/uploads\/2016\/05\/3-1.jpg\" >\r\n\t\t\t  <img decoding=\"async\" src=\"https:\/\/www.zvaki.info\/zvaki\/wp-content\/uploads\/2016\/05\/3-1-315x235.jpg\"  \/>\r\n\t\t\t<\/a>\r\n\t\t<\/div>\r\n\t\t\t\t\t\t<div class=\"item\">\r\n\t\t\t<a class=\"fancybox\" rel=\"fancybox-thumb\" href=\"https:\/\/www.zvaki.info\/zvaki\/wp-content\/uploads\/2016\/05\/4-1.jpg\" >\r\n\t\t\t  <img decoding=\"async\" src=\"https:\/\/www.zvaki.info\/zvaki\/wp-content\/uploads\/2016\/05\/4-1-315x235.jpg\"  \/>\r\n\t\t\t<\/a>\r\n\t\t<\/div>\r\n\t\t\t  \r\n\t<\/div>\r\n<\/div>\r\n\r\n\r\n\n","protected":false},"excerpt":{"rendered":"<p>Wir beginnen mit einem Beispiel, welches Ihnen bei der Auswahl Ihrer idealen Tattoo helfen wird. Sie haben Ihr ideales Motiv gefunden. Sagen wir, einen Text und ein Bild. Sind Sie sicher, dass das, was Sie wollen, auch wirklich &hellip;<\/p>\n","protected":false},"author":1,"featured_media":0,"parent":163,"menu_order":4,"comment_status":"closed","ping_status":"closed","template":"","meta":{"_acf_changed":false,"footnotes":""},"class_list":["post-153","page","type-page","status-publish","hentry"],"acf":[],"yoast_head":"<!-- This site is optimized with the Yoast SEO plugin v27.5 - https:\/\/yoast.com\/product\/yoast-seo-wordpress\/ -->\n<title>Priorit\u00e4t Gr\u00f6sse - Think What You Ink<\/title>\n<meta name=\"robots\" content=\"index, follow, max-snippet:-1, max-image-preview:large, max-video-preview:-1\" \/>\n<link rel=\"canonical\" href=\"https:\/\/www.zvaki.info\/de\/was-als-naechstes-wenn-sie-sich-entscheiden-ein-tattoo-zu-bekommen\/prioritaet-groesse\/\" \/>\n<meta property=\"og:locale\" content=\"de_DE\" \/>\n<meta property=\"og:type\" content=\"article\" \/>\n<meta property=\"og:title\" content=\"Priorit\u00e4t Gr\u00f6sse - Think What You Ink\" \/>\n<meta property=\"og:description\" content=\"Wir beginnen mit einem Beispiel, welches Ihnen bei der Auswahl Ihrer idealen Tattoo helfen wird. Sie haben Ihr ideales Motiv gefunden. Sagen wir, einen Text und ein Bild. Sind Sie sicher, dass das, was Sie wollen, auch wirklich &hellip;\" \/>\n<meta property=\"og:url\" content=\"https:\/\/www.zvaki.info\/de\/was-als-naechstes-wenn-sie-sich-entscheiden-ein-tattoo-zu-bekommen\/prioritaet-groesse\/\" \/>\n<meta property=\"og:site_name\" content=\"Think What You Ink\" \/>\n<meta property=\"article:publisher\" content=\"https:\/\/www.facebook.com\/anubistattoostudio\/?fref=ts\" \/>\n<meta property=\"article:modified_time\" content=\"2016-05-03T18:55:05+00:00\" \/>\n<meta property=\"og:image\" content=\"https:\/\/www.zvaki.info\/zvaki\/wp-content\/uploads\/2016\/05\/1-1-315x235.jpg\" \/>\n<meta name=\"twitter:card\" content=\"summary_large_image\" \/>\n<meta name=\"twitter:label1\" content=\"Gesch\u00e4tzte Lesezeit\" \/>\n\t<meta name=\"twitter:data1\" content=\"1\u00a0Minute\" \/>\n<script type=\"application\/ld+json\" class=\"yoast-schema-graph\">{\"@context\":\"https:\\\/\\\/schema.org\",\"@graph\":[{\"@type\":\"WebPage\",\"@id\":\"https:\\\/\\\/www.zvaki.info\\\/de\\\/was-als-naechstes-wenn-sie-sich-entscheiden-ein-tattoo-zu-bekommen\\\/prioritaet-groesse\\\/\",\"url\":\"https:\\\/\\\/www.zvaki.info\\\/de\\\/was-als-naechstes-wenn-sie-sich-entscheiden-ein-tattoo-zu-bekommen\\\/prioritaet-groesse\\\/\",\"name\":\"Priorit\u00e4t Gr\u00f6sse - Think What You Ink\",\"isPartOf\":{\"@id\":\"https:\\\/\\\/www.zvaki.info\\\/#website\"},\"datePublished\":\"2016-05-02T18:36:02+00:00\",\"dateModified\":\"2016-05-03T18:55:05+00:00\",\"breadcrumb\":{\"@id\":\"https:\\\/\\\/www.zvaki.info\\\/de\\\/was-als-naechstes-wenn-sie-sich-entscheiden-ein-tattoo-zu-bekommen\\\/prioritaet-groesse\\\/#breadcrumb\"},\"inLanguage\":\"de\",\"potentialAction\":[{\"@type\":\"ReadAction\",\"target\":[\"https:\\\/\\\/www.zvaki.info\\\/de\\\/was-als-naechstes-wenn-sie-sich-entscheiden-ein-tattoo-zu-bekommen\\\/prioritaet-groesse\\\/\"]}]},{\"@type\":\"BreadcrumbList\",\"@id\":\"https:\\\/\\\/www.zvaki.info\\\/de\\\/was-als-naechstes-wenn-sie-sich-entscheiden-ein-tattoo-zu-bekommen\\\/prioritaet-groesse\\\/#breadcrumb\",\"itemListElement\":[{\"@type\":\"ListItem\",\"position\":1,\"name\":\"Po\u010detna stranica\",\"item\":\"https:\\\/\\\/www.zvaki.info\\\/de\\\/\"},{\"@type\":\"ListItem\",\"position\":2,\"name\":\"Was als n\u00e4chstes, wenn Sie sich entscheiden, ein Tattoo zu bekommen\",\"item\":\"https:\\\/\\\/www.zvaki.info\\\/de\\\/was-als-naechstes-wenn-sie-sich-entscheiden-ein-tattoo-zu-bekommen\\\/\"},{\"@type\":\"ListItem\",\"position\":3,\"name\":\"Priorit\u00e4t Gr\u00f6sse\"}]},{\"@type\":\"WebSite\",\"@id\":\"https:\\\/\\\/www.zvaki.info\\\/#website\",\"url\":\"https:\\\/\\\/www.zvaki.info\\\/\",\"name\":\"Think What You Ink\",\"description\":\"Vodi\u010d kroz tetoviranje\",\"potentialAction\":[{\"@type\":\"SearchAction\",\"target\":{\"@type\":\"EntryPoint\",\"urlTemplate\":\"https:\\\/\\\/www.zvaki.info\\\/?s={search_term_string}\"},\"query-input\":{\"@type\":\"PropertyValueSpecification\",\"valueRequired\":true,\"valueName\":\"search_term_string\"}}],\"inLanguage\":\"de\"}]}<\/script>\n<!-- \/ Yoast SEO plugin. -->","yoast_head_json":{"title":"Priorit\u00e4t Gr\u00f6sse - Think What You Ink","robots":{"index":"index","follow":"follow","max-snippet":"max-snippet:-1","max-image-preview":"max-image-preview:large","max-video-preview":"max-video-preview:-1"},"canonical":"https:\/\/www.zvaki.info\/de\/was-als-naechstes-wenn-sie-sich-entscheiden-ein-tattoo-zu-bekommen\/prioritaet-groesse\/","og_locale":"de_DE","og_type":"article","og_title":"Priorit\u00e4t Gr\u00f6sse - Think What You Ink","og_description":"Wir beginnen mit einem Beispiel, welches Ihnen bei der Auswahl Ihrer idealen Tattoo helfen wird. Sie haben Ihr ideales Motiv gefunden. Sagen wir, einen Text und ein Bild. Sind Sie sicher, dass das, was Sie wollen, auch wirklich &hellip;","og_url":"https:\/\/www.zvaki.info\/de\/was-als-naechstes-wenn-sie-sich-entscheiden-ein-tattoo-zu-bekommen\/prioritaet-groesse\/","og_site_name":"Think What You Ink","article_publisher":"https:\/\/www.facebook.com\/anubistattoostudio\/?fref=ts","article_modified_time":"2016-05-03T18:55:05+00:00","og_image":[{"url":"https:\/\/www.zvaki.info\/zvaki\/wp-content\/uploads\/2016\/05\/1-1-315x235.jpg","type":"","width":"","height":""}],"twitter_card":"summary_large_image","twitter_misc":{"Gesch\u00e4tzte Lesezeit":"1\u00a0Minute"},"schema":{"@context":"https:\/\/schema.org","@graph":[{"@type":"WebPage","@id":"https:\/\/www.zvaki.info\/de\/was-als-naechstes-wenn-sie-sich-entscheiden-ein-tattoo-zu-bekommen\/prioritaet-groesse\/","url":"https:\/\/www.zvaki.info\/de\/was-als-naechstes-wenn-sie-sich-entscheiden-ein-tattoo-zu-bekommen\/prioritaet-groesse\/","name":"Priorit\u00e4t Gr\u00f6sse - Think What You Ink","isPartOf":{"@id":"https:\/\/www.zvaki.info\/#website"},"datePublished":"2016-05-02T18:36:02+00:00","dateModified":"2016-05-03T18:55:05+00:00","breadcrumb":{"@id":"https:\/\/www.zvaki.info\/de\/was-als-naechstes-wenn-sie-sich-entscheiden-ein-tattoo-zu-bekommen\/prioritaet-groesse\/#breadcrumb"},"inLanguage":"de","potentialAction":[{"@type":"ReadAction","target":["https:\/\/www.zvaki.info\/de\/was-als-naechstes-wenn-sie-sich-entscheiden-ein-tattoo-zu-bekommen\/prioritaet-groesse\/"]}]},{"@type":"BreadcrumbList","@id":"https:\/\/www.zvaki.info\/de\/was-als-naechstes-wenn-sie-sich-entscheiden-ein-tattoo-zu-bekommen\/prioritaet-groesse\/#breadcrumb","itemListElement":[{"@type":"ListItem","position":1,"name":"Po\u010detna stranica","item":"https:\/\/www.zvaki.info\/de\/"},{"@type":"ListItem","position":2,"name":"Was als n\u00e4chstes, wenn Sie sich entscheiden, ein Tattoo zu bekommen","item":"https:\/\/www.zvaki.info\/de\/was-als-naechstes-wenn-sie-sich-entscheiden-ein-tattoo-zu-bekommen\/"},{"@type":"ListItem","position":3,"name":"Priorit\u00e4t Gr\u00f6sse"}]},{"@type":"WebSite","@id":"https:\/\/www.zvaki.info\/#website","url":"https:\/\/www.zvaki.info\/","name":"Think What You Ink","description":"Vodi\u010d kroz tetoviranje","potentialAction":[{"@type":"SearchAction","target":{"@type":"EntryPoint","urlTemplate":"https:\/\/www.zvaki.info\/?s={search_term_string}"},"query-input":{"@type":"PropertyValueSpecification","valueRequired":true,"valueName":"search_term_string"}}],"inLanguage":"de"}]}},"_links":{"self":[{"href":"https:\/\/www.zvaki.info\/de\/wp-json\/wp\/v2\/pages\/153","targetHints":{"allow":["GET"]}}],"collection":[{"href":"https:\/\/www.zvaki.info\/de\/wp-json\/wp\/v2\/pages"}],"about":[{"href":"https:\/\/www.zvaki.info\/de\/wp-json\/wp\/v2\/types\/page"}],"author":[{"embeddable":true,"href":"https:\/\/www.zvaki.info\/de\/wp-json\/wp\/v2\/users\/1"}],"replies":[{"embeddable":true,"href":"https:\/\/www.zvaki.info\/de\/wp-json\/wp\/v2\/comments?post=153"}],"version-history":[{"count":2,"href":"https:\/\/www.zvaki.info\/de\/wp-json\/wp\/v2\/pages\/153\/revisions"}],"predecessor-version":[{"id":255,"href":"https:\/\/www.zvaki.info\/de\/wp-json\/wp\/v2\/pages\/153\/revisions\/255"}],"up":[{"embeddable":true,"href":"https:\/\/www.zvaki.info\/de\/wp-json\/wp\/v2\/pages\/163"}],"wp:attachment":[{"href":"https:\/\/www.zvaki.info\/de\/wp-json\/wp\/v2\/media?parent=153"}],"curies":[{"name":"wp","href":"https:\/\/api.w.org\/{rel}","templated":true}]}}