{"id":151,"date":"2016-05-02T20:37:00","date_gmt":"2016-05-02T18:37:00","guid":{"rendered":"http:\/\/www.zvaki.info\/zvaki\/de\/prioritet-mjesto\/"},"modified":"2016-05-03T20:55:55","modified_gmt":"2016-05-03T18:55:55","slug":"prioritaet-platzierung","status":"publish","type":"page","link":"https:\/\/www.zvaki.info\/de\/was-als-naechstes-wenn-sie-sich-entscheiden-ein-tattoo-zu-bekommen\/prioritaet-platzierung\/","title":{"rendered":"Priorit\u00e4t Platzierung"},"content":{"rendered":"<p>Ich wei\u00df, dass Sie lange dar\u00fcber nachgedacht haben, wo Ihr neues Kunstwerk platziert wird.<br \/>\nAber in einigen F\u00e4llen sollte es ge\u00e4ndert oder angepasst werden.<br \/>\nWenden Sie sich an Ihren T\u00e4towierer und erl\u00e4utern Sie Ihre Idee. Sie werden eine der 4 M\u00f6glichkeiten zur Antwort kriegen.<\/p>\n<ol>\n<li>Ok, dies ist der ideale Platz f\u00fcr das Tattoo.<\/li>\n<li>Ok, aber es wird zwar ung\u00fcnstig sein (diese Antwort werden Sie erhalten, wenn Sie auf die gew\u00fcnschte Platzierung bestehen)<\/li>\n<li>Ok, aber wir m\u00fcssen die T\u00e4towierung der Platzierung anpassen<\/li>\n<li>Wir k\u00f6nnen auch die K\u00f6rperregion der T\u00e4towierung anpassen<\/li>\n<\/ol>\n<p><strong>Fragen Sie sich immer was ihnen wichtiger ist: der Ort oder die T\u00e4towierung<\/strong><\/p>\n<script>\r\n\tvar photo_num = '4';\r\n<\/script>\r\n\r\n\r\n<div class=\"col-md-12 owl-wrapper-content\">\r\n\t<div class=\"owl-carousel\">\r\n\r\n\t\t\t\t\t\t<div class=\"item\">\r\n\t\t\t<a class=\"fancybox\" rel=\"fancybox-thumb\" href=\"https:\/\/www.zvaki.info\/zvaki\/wp-content\/uploads\/2016\/05\/1-2.jpg\" >\r\n\t\t\t  <img decoding=\"async\" src=\"https:\/\/www.zvaki.info\/zvaki\/wp-content\/uploads\/2016\/05\/1-2-315x235.jpg\"  \/>\r\n\t\t\t<\/a>\r\n\t\t<\/div>\r\n\t\t\t\t\t\t<div class=\"item\">\r\n\t\t\t<a class=\"fancybox\" rel=\"fancybox-thumb\" href=\"https:\/\/www.zvaki.info\/zvaki\/wp-content\/uploads\/2016\/05\/2-2.jpg\" >\r\n\t\t\t  <img decoding=\"async\" src=\"https:\/\/www.zvaki.info\/zvaki\/wp-content\/uploads\/2016\/05\/2-2-315x235.jpg\"  \/>\r\n\t\t\t<\/a>\r\n\t\t<\/div>\r\n\t\t\t\t\t\t<div class=\"item\">\r\n\t\t\t<a class=\"fancybox\" rel=\"fancybox-thumb\" href=\"https:\/\/www.zvaki.info\/zvaki\/wp-content\/uploads\/2016\/05\/3-2.jpg\" >\r\n\t\t\t  <img decoding=\"async\" src=\"https:\/\/www.zvaki.info\/zvaki\/wp-content\/uploads\/2016\/05\/3-2-315x235.jpg\"  \/>\r\n\t\t\t<\/a>\r\n\t\t<\/div>\r\n\t\t\t\t\t\t<div class=\"item\">\r\n\t\t\t<a class=\"fancybox\" rel=\"fancybox-thumb\" href=\"https:\/\/www.zvaki.info\/zvaki\/wp-content\/uploads\/2016\/05\/4-2.jpg\" >\r\n\t\t\t  <img decoding=\"async\" src=\"https:\/\/www.zvaki.info\/zvaki\/wp-content\/uploads\/2016\/05\/4-2-315x235.jpg\"  \/>\r\n\t\t\t<\/a>\r\n\t\t<\/div>\r\n\t\t\t  \r\n\t<\/div>\r\n<\/div>\r\n\r\n\r\n\n","protected":false},"excerpt":{"rendered":"<p>Ich wei\u00df, dass Sie lange dar\u00fcber nachgedacht haben, wo Ihr neues Kunstwerk platziert wird. Aber in einigen F\u00e4llen sollte es ge\u00e4ndert oder angepasst werden. Wenden Sie sich an Ihren T\u00e4towierer und erl\u00e4utern Sie Ihre Idee. Sie werden eine &hellip;<\/p>\n","protected":false},"author":1,"featured_media":0,"parent":163,"menu_order":5,"comment_status":"closed","ping_status":"closed","template":"","meta":{"_acf_changed":false,"footnotes":""},"class_list":["post-151","page","type-page","status-publish","hentry"],"acf":[],"yoast_head":"<!-- This site is optimized with the Yoast SEO plugin v26.4 - https:\/\/yoast.com\/wordpress\/plugins\/seo\/ -->\n<title>Priorit\u00e4t Platzierung - Think What You Ink<\/title>\n<meta name=\"robots\" content=\"index, follow, max-snippet:-1, max-image-preview:large, max-video-preview:-1\" \/>\n<link rel=\"canonical\" href=\"https:\/\/www.zvaki.info\/de\/was-als-naechstes-wenn-sie-sich-entscheiden-ein-tattoo-zu-bekommen\/prioritaet-platzierung\/\" \/>\n<meta property=\"og:locale\" content=\"de_DE\" \/>\n<meta property=\"og:type\" content=\"article\" \/>\n<meta property=\"og:title\" content=\"Priorit\u00e4t Platzierung - Think What You Ink\" \/>\n<meta property=\"og:description\" content=\"Ich wei\u00df, dass Sie lange dar\u00fcber nachgedacht haben, wo Ihr neues Kunstwerk platziert wird. Aber in einigen F\u00e4llen sollte es ge\u00e4ndert oder angepasst werden. Wenden Sie sich an Ihren T\u00e4towierer und erl\u00e4utern Sie Ihre Idee. Sie werden eine &hellip;\" \/>\n<meta property=\"og:url\" content=\"https:\/\/www.zvaki.info\/de\/was-als-naechstes-wenn-sie-sich-entscheiden-ein-tattoo-zu-bekommen\/prioritaet-platzierung\/\" \/>\n<meta property=\"og:site_name\" content=\"Think What You Ink\" \/>\n<meta property=\"article:publisher\" content=\"https:\/\/www.facebook.com\/anubistattoostudio\/?fref=ts\" \/>\n<meta property=\"article:modified_time\" content=\"2016-05-03T18:55:55+00:00\" \/>\n<meta property=\"og:image\" content=\"https:\/\/www.zvaki.info\/zvaki\/wp-content\/uploads\/2016\/05\/1-2-315x235.jpg\" \/>\n<meta name=\"twitter:card\" content=\"summary_large_image\" \/>\n<meta name=\"twitter:label1\" content=\"Gesch\u00e4tzte Lesezeit\" \/>\n\t<meta name=\"twitter:data1\" content=\"1\u00a0Minute\" \/>\n<script type=\"application\/ld+json\" class=\"yoast-schema-graph\">{\"@context\":\"https:\/\/schema.org\",\"@graph\":[{\"@type\":\"WebPage\",\"@id\":\"https:\/\/www.zvaki.info\/de\/was-als-naechstes-wenn-sie-sich-entscheiden-ein-tattoo-zu-bekommen\/prioritaet-platzierung\/\",\"url\":\"https:\/\/www.zvaki.info\/de\/was-als-naechstes-wenn-sie-sich-entscheiden-ein-tattoo-zu-bekommen\/prioritaet-platzierung\/\",\"name\":\"Priorit\u00e4t Platzierung - Think What You Ink\",\"isPartOf\":{\"@id\":\"https:\/\/www.zvaki.info\/#website\"},\"datePublished\":\"2016-05-02T18:37:00+00:00\",\"dateModified\":\"2016-05-03T18:55:55+00:00\",\"breadcrumb\":{\"@id\":\"https:\/\/www.zvaki.info\/de\/was-als-naechstes-wenn-sie-sich-entscheiden-ein-tattoo-zu-bekommen\/prioritaet-platzierung\/#breadcrumb\"},\"inLanguage\":\"de\",\"potentialAction\":[{\"@type\":\"ReadAction\",\"target\":[\"https:\/\/www.zvaki.info\/de\/was-als-naechstes-wenn-sie-sich-entscheiden-ein-tattoo-zu-bekommen\/prioritaet-platzierung\/\"]}]},{\"@type\":\"BreadcrumbList\",\"@id\":\"https:\/\/www.zvaki.info\/de\/was-als-naechstes-wenn-sie-sich-entscheiden-ein-tattoo-zu-bekommen\/prioritaet-platzierung\/#breadcrumb\",\"itemListElement\":[{\"@type\":\"ListItem\",\"position\":1,\"name\":\"Po\u010detna stranica\",\"item\":\"https:\/\/www.zvaki.info\/de\/\"},{\"@type\":\"ListItem\",\"position\":2,\"name\":\"Was als n\u00e4chstes, wenn Sie sich entscheiden, ein Tattoo zu bekommen\",\"item\":\"https:\/\/www.zvaki.info\/de\/was-als-naechstes-wenn-sie-sich-entscheiden-ein-tattoo-zu-bekommen\/\"},{\"@type\":\"ListItem\",\"position\":3,\"name\":\"Priorit\u00e4t Platzierung\"}]},{\"@type\":\"WebSite\",\"@id\":\"https:\/\/www.zvaki.info\/#website\",\"url\":\"https:\/\/www.zvaki.info\/\",\"name\":\"Think What You Ink\",\"description\":\"Vodi\u010d kroz tetoviranje\",\"potentialAction\":[{\"@type\":\"SearchAction\",\"target\":{\"@type\":\"EntryPoint\",\"urlTemplate\":\"https:\/\/www.zvaki.info\/?s={search_term_string}\"},\"query-input\":{\"@type\":\"PropertyValueSpecification\",\"valueRequired\":true,\"valueName\":\"search_term_string\"}}],\"inLanguage\":\"de\"}]}<\/script>\n<!-- \/ Yoast SEO plugin. -->","yoast_head_json":{"title":"Priorit\u00e4t Platzierung - Think What You Ink","robots":{"index":"index","follow":"follow","max-snippet":"max-snippet:-1","max-image-preview":"max-image-preview:large","max-video-preview":"max-video-preview:-1"},"canonical":"https:\/\/www.zvaki.info\/de\/was-als-naechstes-wenn-sie-sich-entscheiden-ein-tattoo-zu-bekommen\/prioritaet-platzierung\/","og_locale":"de_DE","og_type":"article","og_title":"Priorit\u00e4t Platzierung - Think What You Ink","og_description":"Ich wei\u00df, dass Sie lange dar\u00fcber nachgedacht haben, wo Ihr neues Kunstwerk platziert wird. Aber in einigen F\u00e4llen sollte es ge\u00e4ndert oder angepasst werden. Wenden Sie sich an Ihren T\u00e4towierer und erl\u00e4utern Sie Ihre Idee. Sie werden eine &hellip;","og_url":"https:\/\/www.zvaki.info\/de\/was-als-naechstes-wenn-sie-sich-entscheiden-ein-tattoo-zu-bekommen\/prioritaet-platzierung\/","og_site_name":"Think What You Ink","article_publisher":"https:\/\/www.facebook.com\/anubistattoostudio\/?fref=ts","article_modified_time":"2016-05-03T18:55:55+00:00","og_image":[{"url":"https:\/\/www.zvaki.info\/zvaki\/wp-content\/uploads\/2016\/05\/1-2-315x235.jpg","type":"","width":"","height":""}],"twitter_card":"summary_large_image","twitter_misc":{"Gesch\u00e4tzte Lesezeit":"1\u00a0Minute"},"schema":{"@context":"https:\/\/schema.org","@graph":[{"@type":"WebPage","@id":"https:\/\/www.zvaki.info\/de\/was-als-naechstes-wenn-sie-sich-entscheiden-ein-tattoo-zu-bekommen\/prioritaet-platzierung\/","url":"https:\/\/www.zvaki.info\/de\/was-als-naechstes-wenn-sie-sich-entscheiden-ein-tattoo-zu-bekommen\/prioritaet-platzierung\/","name":"Priorit\u00e4t Platzierung - Think What You Ink","isPartOf":{"@id":"https:\/\/www.zvaki.info\/#website"},"datePublished":"2016-05-02T18:37:00+00:00","dateModified":"2016-05-03T18:55:55+00:00","breadcrumb":{"@id":"https:\/\/www.zvaki.info\/de\/was-als-naechstes-wenn-sie-sich-entscheiden-ein-tattoo-zu-bekommen\/prioritaet-platzierung\/#breadcrumb"},"inLanguage":"de","potentialAction":[{"@type":"ReadAction","target":["https:\/\/www.zvaki.info\/de\/was-als-naechstes-wenn-sie-sich-entscheiden-ein-tattoo-zu-bekommen\/prioritaet-platzierung\/"]}]},{"@type":"BreadcrumbList","@id":"https:\/\/www.zvaki.info\/de\/was-als-naechstes-wenn-sie-sich-entscheiden-ein-tattoo-zu-bekommen\/prioritaet-platzierung\/#breadcrumb","itemListElement":[{"@type":"ListItem","position":1,"name":"Po\u010detna stranica","item":"https:\/\/www.zvaki.info\/de\/"},{"@type":"ListItem","position":2,"name":"Was als n\u00e4chstes, wenn Sie sich entscheiden, ein Tattoo zu bekommen","item":"https:\/\/www.zvaki.info\/de\/was-als-naechstes-wenn-sie-sich-entscheiden-ein-tattoo-zu-bekommen\/"},{"@type":"ListItem","position":3,"name":"Priorit\u00e4t Platzierung"}]},{"@type":"WebSite","@id":"https:\/\/www.zvaki.info\/#website","url":"https:\/\/www.zvaki.info\/","name":"Think What You Ink","description":"Vodi\u010d kroz tetoviranje","potentialAction":[{"@type":"SearchAction","target":{"@type":"EntryPoint","urlTemplate":"https:\/\/www.zvaki.info\/?s={search_term_string}"},"query-input":{"@type":"PropertyValueSpecification","valueRequired":true,"valueName":"search_term_string"}}],"inLanguage":"de"}]}},"_links":{"self":[{"href":"https:\/\/www.zvaki.info\/de\/wp-json\/wp\/v2\/pages\/151","targetHints":{"allow":["GET"]}}],"collection":[{"href":"https:\/\/www.zvaki.info\/de\/wp-json\/wp\/v2\/pages"}],"about":[{"href":"https:\/\/www.zvaki.info\/de\/wp-json\/wp\/v2\/types\/page"}],"author":[{"embeddable":true,"href":"https:\/\/www.zvaki.info\/de\/wp-json\/wp\/v2\/users\/1"}],"replies":[{"embeddable":true,"href":"https:\/\/www.zvaki.info\/de\/wp-json\/wp\/v2\/comments?post=151"}],"version-history":[{"count":1,"href":"https:\/\/www.zvaki.info\/de\/wp-json\/wp\/v2\/pages\/151\/revisions"}],"predecessor-version":[{"id":256,"href":"https:\/\/www.zvaki.info\/de\/wp-json\/wp\/v2\/pages\/151\/revisions\/256"}],"up":[{"embeddable":true,"href":"https:\/\/www.zvaki.info\/de\/wp-json\/wp\/v2\/pages\/163"}],"wp:attachment":[{"href":"https:\/\/www.zvaki.info\/de\/wp-json\/wp\/v2\/media?parent=151"}],"curies":[{"name":"wp","href":"https:\/\/api.w.org\/{rel}","templated":true}]}}