{"id":148,"date":"2016-05-02T20:38:17","date_gmt":"2016-05-02T18:38:17","guid":{"rendered":"http:\/\/www.zvaki.info\/zvaki\/de\/prioritet-cijena\/"},"modified":"2016-05-03T20:56:44","modified_gmt":"2016-05-03T18:56:44","slug":"prioritet-cijena","status":"publish","type":"page","link":"https:\/\/www.zvaki.info\/de\/was-als-naechstes-wenn-sie-sich-entscheiden-ein-tattoo-zu-bekommen\/prioritet-cijena\/","title":{"rendered":"Priorit\u00e4t Preis"},"content":{"rendered":"<p>Wahrscheinlich haben Sie bereits zu Hause entschieden, was Sie bis an Ihr Lebensende tragen m\u00f6chten. Wahrscheinlich haben Sie sich auch ein Preislimit gesetzt.<\/p>\n<p>Wenn ja, lesen Sie weiter\u2026<\/p>\n<p>Erste Frage: Was m\u00f6chte man f\u00fcr die Schuhe oder T-Shirt, welche man bis zum Ende des Lebens tragen wird, bezahlen? Die Antwort liegt auf der Hand. Gefolgt von einer weiteren\u00a0Frage.<\/p>\n<p>T\u00e4towieren ist ein Luxus. Sie k\u00f6nnen nicht ohne Tattoos leben. Haben Sie jemals von billigem Luxus geh\u00f6rt? Nehmen Sie zum Beispiel ein Auto. Der Unterschied zwischen billig, Mittelklasse- und Luxus liegt auf der Hand\u2026<\/p>\n<p>Tatsache ist, T\u00e4towierungen sind nicht so teuer, da sie lebenslang getragen werden\u2026<\/p>\n<p>Eine andere Frage .. Wie viel w\u00fcrden Sie f\u00fcr etwas bezahlen, was:<\/p>\n<ul>\n<li>Sie ausw\u00e4hlen k\u00f6nnen?<\/li>\n<li>nur f\u00fcr Sie ist?<\/li>\n<li>stets bei Ihnen ist?<\/li>\n<li>mit ins Grab nehmen?<\/li>\n<\/ul>\n<p>Wenn Sie nicht so viel Geld zur Verf\u00fcgung haben, sparen Sie lieber noch ein bisschen, bevor Sie fragen, wie viel ein Tattoo kostet.<\/p>\n<script>\r\n\tvar photo_num = '4';\r\n<\/script>\r\n\r\n\r\n<div class=\"col-md-12 owl-wrapper-content\">\r\n\t<div class=\"owl-carousel\">\r\n\r\n\t\t\t\t\t\t<div class=\"item\">\r\n\t\t\t<a class=\"fancybox\" rel=\"fancybox-thumb\" href=\"https:\/\/www.zvaki.info\/zvaki\/wp-content\/uploads\/2016\/05\/1-3.jpg\" >\r\n\t\t\t  <img decoding=\"async\" src=\"https:\/\/www.zvaki.info\/zvaki\/wp-content\/uploads\/2016\/05\/1-3-315x235.jpg\"  \/>\r\n\t\t\t<\/a>\r\n\t\t<\/div>\r\n\t\t\t\t\t\t<div class=\"item\">\r\n\t\t\t<a class=\"fancybox\" rel=\"fancybox-thumb\" href=\"https:\/\/www.zvaki.info\/zvaki\/wp-content\/uploads\/2016\/05\/2-3.jpg\" >\r\n\t\t\t  <img decoding=\"async\" src=\"https:\/\/www.zvaki.info\/zvaki\/wp-content\/uploads\/2016\/05\/2-3-315x235.jpg\"  \/>\r\n\t\t\t<\/a>\r\n\t\t<\/div>\r\n\t\t\t\t\t\t<div class=\"item\">\r\n\t\t\t<a class=\"fancybox\" rel=\"fancybox-thumb\" href=\"https:\/\/www.zvaki.info\/zvaki\/wp-content\/uploads\/2016\/05\/3-3.jpg\" >\r\n\t\t\t  <img decoding=\"async\" src=\"https:\/\/www.zvaki.info\/zvaki\/wp-content\/uploads\/2016\/05\/3-3-315x235.jpg\"  \/>\r\n\t\t\t<\/a>\r\n\t\t<\/div>\r\n\t\t\t\t\t\t<div class=\"item\">\r\n\t\t\t<a class=\"fancybox\" rel=\"fancybox-thumb\" href=\"https:\/\/www.zvaki.info\/zvaki\/wp-content\/uploads\/2016\/05\/4-3.jpg\" >\r\n\t\t\t  <img decoding=\"async\" src=\"https:\/\/www.zvaki.info\/zvaki\/wp-content\/uploads\/2016\/05\/4-3-315x235.jpg\"  \/>\r\n\t\t\t<\/a>\r\n\t\t<\/div>\r\n\t\t\t  \r\n\t<\/div>\r\n<\/div>\r\n\r\n\r\n\n","protected":false},"excerpt":{"rendered":"<p>Wahrscheinlich haben Sie bereits zu Hause entschieden, was Sie bis an Ihr Lebensende tragen m\u00f6chten. Wahrscheinlich haben Sie sich auch ein Preislimit gesetzt. Wenn ja, lesen Sie weiter\u2026 Erste Frage: Was m\u00f6chte man f\u00fcr die Schuhe oder T-Shirt, &hellip;<\/p>\n","protected":false},"author":1,"featured_media":0,"parent":163,"menu_order":6,"comment_status":"closed","ping_status":"closed","template":"","meta":{"_acf_changed":false,"footnotes":""},"class_list":["post-148","page","type-page","status-publish","hentry"],"acf":[],"yoast_head":"<!-- This site is optimized with the Yoast SEO plugin v26.4 - https:\/\/yoast.com\/wordpress\/plugins\/seo\/ -->\n<title>Priorit\u00e4t Preis - Think What You Ink<\/title>\n<meta name=\"robots\" content=\"index, follow, max-snippet:-1, max-image-preview:large, max-video-preview:-1\" \/>\n<link rel=\"canonical\" href=\"https:\/\/www.zvaki.info\/de\/was-als-naechstes-wenn-sie-sich-entscheiden-ein-tattoo-zu-bekommen\/prioritet-cijena\/\" \/>\n<meta property=\"og:locale\" content=\"de_DE\" \/>\n<meta property=\"og:type\" content=\"article\" \/>\n<meta property=\"og:title\" content=\"Priorit\u00e4t Preis - Think What You Ink\" \/>\n<meta property=\"og:description\" content=\"Wahrscheinlich haben Sie bereits zu Hause entschieden, was Sie bis an Ihr Lebensende tragen m\u00f6chten. Wahrscheinlich haben Sie sich auch ein Preislimit gesetzt. Wenn ja, lesen Sie weiter\u2026 Erste Frage: Was m\u00f6chte man f\u00fcr die Schuhe oder T-Shirt, &hellip;\" \/>\n<meta property=\"og:url\" content=\"https:\/\/www.zvaki.info\/de\/was-als-naechstes-wenn-sie-sich-entscheiden-ein-tattoo-zu-bekommen\/prioritet-cijena\/\" \/>\n<meta property=\"og:site_name\" content=\"Think What You Ink\" \/>\n<meta property=\"article:publisher\" content=\"https:\/\/www.facebook.com\/anubistattoostudio\/?fref=ts\" \/>\n<meta property=\"article:modified_time\" content=\"2016-05-03T18:56:44+00:00\" \/>\n<meta property=\"og:image\" content=\"https:\/\/www.zvaki.info\/zvaki\/wp-content\/uploads\/2016\/05\/1-3-315x235.jpg\" \/>\n<meta name=\"twitter:card\" content=\"summary_large_image\" \/>\n<meta name=\"twitter:label1\" content=\"Gesch\u00e4tzte Lesezeit\" \/>\n\t<meta name=\"twitter:data1\" content=\"1\u00a0Minute\" \/>\n<script type=\"application\/ld+json\" class=\"yoast-schema-graph\">{\"@context\":\"https:\/\/schema.org\",\"@graph\":[{\"@type\":\"WebPage\",\"@id\":\"https:\/\/www.zvaki.info\/de\/was-als-naechstes-wenn-sie-sich-entscheiden-ein-tattoo-zu-bekommen\/prioritet-cijena\/\",\"url\":\"https:\/\/www.zvaki.info\/de\/was-als-naechstes-wenn-sie-sich-entscheiden-ein-tattoo-zu-bekommen\/prioritet-cijena\/\",\"name\":\"Priorit\u00e4t Preis - Think What You Ink\",\"isPartOf\":{\"@id\":\"https:\/\/www.zvaki.info\/#website\"},\"datePublished\":\"2016-05-02T18:38:17+00:00\",\"dateModified\":\"2016-05-03T18:56:44+00:00\",\"breadcrumb\":{\"@id\":\"https:\/\/www.zvaki.info\/de\/was-als-naechstes-wenn-sie-sich-entscheiden-ein-tattoo-zu-bekommen\/prioritet-cijena\/#breadcrumb\"},\"inLanguage\":\"de\",\"potentialAction\":[{\"@type\":\"ReadAction\",\"target\":[\"https:\/\/www.zvaki.info\/de\/was-als-naechstes-wenn-sie-sich-entscheiden-ein-tattoo-zu-bekommen\/prioritet-cijena\/\"]}]},{\"@type\":\"BreadcrumbList\",\"@id\":\"https:\/\/www.zvaki.info\/de\/was-als-naechstes-wenn-sie-sich-entscheiden-ein-tattoo-zu-bekommen\/prioritet-cijena\/#breadcrumb\",\"itemListElement\":[{\"@type\":\"ListItem\",\"position\":1,\"name\":\"Po\u010detna stranica\",\"item\":\"https:\/\/www.zvaki.info\/de\/\"},{\"@type\":\"ListItem\",\"position\":2,\"name\":\"Was als n\u00e4chstes, wenn Sie sich entscheiden, ein Tattoo zu bekommen\",\"item\":\"https:\/\/www.zvaki.info\/de\/was-als-naechstes-wenn-sie-sich-entscheiden-ein-tattoo-zu-bekommen\/\"},{\"@type\":\"ListItem\",\"position\":3,\"name\":\"Priorit\u00e4t Preis\"}]},{\"@type\":\"WebSite\",\"@id\":\"https:\/\/www.zvaki.info\/#website\",\"url\":\"https:\/\/www.zvaki.info\/\",\"name\":\"Think What You Ink\",\"description\":\"Vodi\u010d kroz tetoviranje\",\"potentialAction\":[{\"@type\":\"SearchAction\",\"target\":{\"@type\":\"EntryPoint\",\"urlTemplate\":\"https:\/\/www.zvaki.info\/?s={search_term_string}\"},\"query-input\":{\"@type\":\"PropertyValueSpecification\",\"valueRequired\":true,\"valueName\":\"search_term_string\"}}],\"inLanguage\":\"de\"}]}<\/script>\n<!-- \/ Yoast SEO plugin. -->","yoast_head_json":{"title":"Priorit\u00e4t Preis - Think What You Ink","robots":{"index":"index","follow":"follow","max-snippet":"max-snippet:-1","max-image-preview":"max-image-preview:large","max-video-preview":"max-video-preview:-1"},"canonical":"https:\/\/www.zvaki.info\/de\/was-als-naechstes-wenn-sie-sich-entscheiden-ein-tattoo-zu-bekommen\/prioritet-cijena\/","og_locale":"de_DE","og_type":"article","og_title":"Priorit\u00e4t Preis - Think What You Ink","og_description":"Wahrscheinlich haben Sie bereits zu Hause entschieden, was Sie bis an Ihr Lebensende tragen m\u00f6chten. Wahrscheinlich haben Sie sich auch ein Preislimit gesetzt. Wenn ja, lesen Sie weiter\u2026 Erste Frage: Was m\u00f6chte man f\u00fcr die Schuhe oder T-Shirt, &hellip;","og_url":"https:\/\/www.zvaki.info\/de\/was-als-naechstes-wenn-sie-sich-entscheiden-ein-tattoo-zu-bekommen\/prioritet-cijena\/","og_site_name":"Think What You Ink","article_publisher":"https:\/\/www.facebook.com\/anubistattoostudio\/?fref=ts","article_modified_time":"2016-05-03T18:56:44+00:00","og_image":[{"url":"https:\/\/www.zvaki.info\/zvaki\/wp-content\/uploads\/2016\/05\/1-3-315x235.jpg","type":"","width":"","height":""}],"twitter_card":"summary_large_image","twitter_misc":{"Gesch\u00e4tzte Lesezeit":"1\u00a0Minute"},"schema":{"@context":"https:\/\/schema.org","@graph":[{"@type":"WebPage","@id":"https:\/\/www.zvaki.info\/de\/was-als-naechstes-wenn-sie-sich-entscheiden-ein-tattoo-zu-bekommen\/prioritet-cijena\/","url":"https:\/\/www.zvaki.info\/de\/was-als-naechstes-wenn-sie-sich-entscheiden-ein-tattoo-zu-bekommen\/prioritet-cijena\/","name":"Priorit\u00e4t Preis - Think What You Ink","isPartOf":{"@id":"https:\/\/www.zvaki.info\/#website"},"datePublished":"2016-05-02T18:38:17+00:00","dateModified":"2016-05-03T18:56:44+00:00","breadcrumb":{"@id":"https:\/\/www.zvaki.info\/de\/was-als-naechstes-wenn-sie-sich-entscheiden-ein-tattoo-zu-bekommen\/prioritet-cijena\/#breadcrumb"},"inLanguage":"de","potentialAction":[{"@type":"ReadAction","target":["https:\/\/www.zvaki.info\/de\/was-als-naechstes-wenn-sie-sich-entscheiden-ein-tattoo-zu-bekommen\/prioritet-cijena\/"]}]},{"@type":"BreadcrumbList","@id":"https:\/\/www.zvaki.info\/de\/was-als-naechstes-wenn-sie-sich-entscheiden-ein-tattoo-zu-bekommen\/prioritet-cijena\/#breadcrumb","itemListElement":[{"@type":"ListItem","position":1,"name":"Po\u010detna stranica","item":"https:\/\/www.zvaki.info\/de\/"},{"@type":"ListItem","position":2,"name":"Was als n\u00e4chstes, wenn Sie sich entscheiden, ein Tattoo zu bekommen","item":"https:\/\/www.zvaki.info\/de\/was-als-naechstes-wenn-sie-sich-entscheiden-ein-tattoo-zu-bekommen\/"},{"@type":"ListItem","position":3,"name":"Priorit\u00e4t Preis"}]},{"@type":"WebSite","@id":"https:\/\/www.zvaki.info\/#website","url":"https:\/\/www.zvaki.info\/","name":"Think What You Ink","description":"Vodi\u010d kroz tetoviranje","potentialAction":[{"@type":"SearchAction","target":{"@type":"EntryPoint","urlTemplate":"https:\/\/www.zvaki.info\/?s={search_term_string}"},"query-input":{"@type":"PropertyValueSpecification","valueRequired":true,"valueName":"search_term_string"}}],"inLanguage":"de"}]}},"_links":{"self":[{"href":"https:\/\/www.zvaki.info\/de\/wp-json\/wp\/v2\/pages\/148","targetHints":{"allow":["GET"]}}],"collection":[{"href":"https:\/\/www.zvaki.info\/de\/wp-json\/wp\/v2\/pages"}],"about":[{"href":"https:\/\/www.zvaki.info\/de\/wp-json\/wp\/v2\/types\/page"}],"author":[{"embeddable":true,"href":"https:\/\/www.zvaki.info\/de\/wp-json\/wp\/v2\/users\/1"}],"replies":[{"embeddable":true,"href":"https:\/\/www.zvaki.info\/de\/wp-json\/wp\/v2\/comments?post=148"}],"version-history":[{"count":3,"href":"https:\/\/www.zvaki.info\/de\/wp-json\/wp\/v2\/pages\/148\/revisions"}],"predecessor-version":[{"id":258,"href":"https:\/\/www.zvaki.info\/de\/wp-json\/wp\/v2\/pages\/148\/revisions\/258"}],"up":[{"embeddable":true,"href":"https:\/\/www.zvaki.info\/de\/wp-json\/wp\/v2\/pages\/163"}],"wp:attachment":[{"href":"https:\/\/www.zvaki.info\/de\/wp-json\/wp\/v2\/media?parent=148"}],"curies":[{"name":"wp","href":"https:\/\/api.w.org\/{rel}","templated":true}]}}