{"id":146,"date":"2016-05-02T21:12:04","date_gmt":"2016-05-02T19:12:04","guid":{"rendered":"http:\/\/www.zvaki.info\/zvaki\/de\/tko-vas-tetovira\/"},"modified":"2016-05-03T20:58:30","modified_gmt":"2016-05-03T18:58:30","slug":"wer-taetowiert-sie","status":"publish","type":"page","link":"https:\/\/www.zvaki.info\/de\/wer-taetowiert-sie\/","title":{"rendered":"Wer t\u00e4towiert Sie?"},"content":{"rendered":"<h3>T\u00e4towierer (Scratcher)<\/h3>\n<p>Definition<\/p>\n<ul>\n<li>Das ist eine Person, die das T\u00e4towieren eher als Hobby betrachtet. M\u00f6glicherweise arbeitet die Person privat bei sich zu Hause.<\/li>\n<\/ul>\n<p>Was Sie erwarten k\u00f6nnen<\/p>\n<ul>\n<li>Gute Unterhaltung, g\u00fcnstige T\u00e4towierung, Verf\u00fcgbarkeit, man wartet nicht auf einen Termin<\/li>\n<\/ul>\n<p>Was Sie nicht erwarten k\u00f6nnen<\/p>\n<ul>\n<li>Lebenslange Qualit\u00e4t, Erfahrung, exakte Umsetzung Ihrer W\u00fcnsche, Hygiene, Verantwortung<\/li>\n<\/ul>\n<h3>Tattoo-Meister<\/h3>\n<p>Definition<\/p>\n<ul>\n<li>Eine Person, dessen Beruf es ist zu t\u00e4towieren. Die Person versucht von diesem Beruf zu\u00a0leben. Hat ein Studio.<\/li>\n<\/ul>\n<p>Was Sie erwarten k\u00f6nnen<\/p>\n<ul>\n<li>Qualitative T\u00e4towierung, Hygiene, h\u00f6here Preise, man wartet auf einen Termin, es bestehen \u00d6ffnungszeiten, kann gr\u00f6ssere T\u00e4towierungen machen, Verantwortung<\/li>\n<\/ul>\n<p>Was Sie nicht erwarten k\u00f6nnen<\/p>\n<ul>\n<li>Einzigartige Arbeit, T\u00e4towierung, welche Sie sich exakt w\u00fcnschen<\/li>\n<\/ul>\n<h3>Tattoo-Artist<\/h3>\n<p>Definition<\/p>\n<ul>\n<li>Eine Person, welche diesen Beruf lebt. Ziel ist es, sich konstant weiter zu entwickeln. M\u00f6chte Qualit\u00e4t und Kunst anbieten, die kein Zweiter kann.<\/li>\n<\/ul>\n<p>Was Sie erwarten k\u00f6nnen<\/p>\n<ul>\n<li>Sensationelle Ausf\u00fchrung des gew\u00fcnschten Tattoos, Originalit\u00e4t und Unikate, Hygiene, man wartet auf einen Termin, einen h\u00f6heren Preis als beim Tattoo-Meister, Verantwortung<\/li>\n<\/ul>\n<p>Was Sie nicht erwarten k\u00f6nnen<\/p>\n<ul>\n<li>Dass er alles t\u00e4towiert, was Sie m\u00f6chten, dass der Preis reduziert wird, dass Sie ihm diktieren, wie er zu arbeiten hat<\/li>\n<\/ul>\n","protected":false},"excerpt":{"rendered":"<p>T\u00e4towierer (Scratcher) Definition Das ist eine Person, die das T\u00e4towieren eher als Hobby betrachtet. M\u00f6glicherweise arbeitet die Person privat bei sich zu Hause. Was Sie erwarten k\u00f6nnen Gute Unterhaltung, g\u00fcnstige T\u00e4towierung, Verf\u00fcgbarkeit, man wartet nicht auf einen Termin &hellip;<\/p>\n","protected":false},"author":1,"featured_media":0,"parent":0,"menu_order":0,"comment_status":"closed","ping_status":"closed","template":"","meta":{"_acf_changed":false,"footnotes":""},"class_list":["post-146","page","type-page","status-publish","hentry"],"acf":[],"yoast_head":"<!-- This site is optimized with the Yoast SEO plugin v26.4 - https:\/\/yoast.com\/wordpress\/plugins\/seo\/ -->\n<title>Wer t\u00e4towiert Sie? - Think What You Ink<\/title>\n<meta name=\"robots\" content=\"index, follow, max-snippet:-1, max-image-preview:large, max-video-preview:-1\" \/>\n<link rel=\"canonical\" href=\"https:\/\/www.zvaki.info\/de\/wer-taetowiert-sie\/\" \/>\n<meta property=\"og:locale\" content=\"de_DE\" \/>\n<meta property=\"og:type\" content=\"article\" \/>\n<meta property=\"og:title\" content=\"Wer t\u00e4towiert Sie? - Think What You Ink\" \/>\n<meta property=\"og:description\" content=\"T\u00e4towierer (Scratcher) Definition Das ist eine Person, die das T\u00e4towieren eher als Hobby betrachtet. M\u00f6glicherweise arbeitet die Person privat bei sich zu Hause. Was Sie erwarten k\u00f6nnen Gute Unterhaltung, g\u00fcnstige T\u00e4towierung, Verf\u00fcgbarkeit, man wartet nicht auf einen Termin &hellip;\" \/>\n<meta property=\"og:url\" content=\"https:\/\/www.zvaki.info\/de\/wer-taetowiert-sie\/\" \/>\n<meta property=\"og:site_name\" content=\"Think What You Ink\" \/>\n<meta property=\"article:publisher\" content=\"https:\/\/www.facebook.com\/anubistattoostudio\/?fref=ts\" \/>\n<meta property=\"article:modified_time\" content=\"2016-05-03T18:58:30+00:00\" \/>\n<meta property=\"og:image\" content=\"https:\/\/www.zvaki.info\/zvaki\/wp-content\/uploads\/2016\/05\/facebook.jpg\" \/>\n\t<meta property=\"og:image:width\" content=\"1200\" \/>\n\t<meta property=\"og:image:height\" content=\"630\" \/>\n\t<meta property=\"og:image:type\" content=\"image\/jpeg\" \/>\n<meta name=\"twitter:card\" content=\"summary_large_image\" \/>\n<meta name=\"twitter:label1\" content=\"Gesch\u00e4tzte Lesezeit\" \/>\n\t<meta name=\"twitter:data1\" content=\"1\u00a0Minute\" \/>\n<script type=\"application\/ld+json\" class=\"yoast-schema-graph\">{\"@context\":\"https:\/\/schema.org\",\"@graph\":[{\"@type\":\"WebPage\",\"@id\":\"https:\/\/www.zvaki.info\/de\/wer-taetowiert-sie\/\",\"url\":\"https:\/\/www.zvaki.info\/de\/wer-taetowiert-sie\/\",\"name\":\"Wer t\u00e4towiert Sie? - Think What You Ink\",\"isPartOf\":{\"@id\":\"https:\/\/www.zvaki.info\/#website\"},\"datePublished\":\"2016-05-02T19:12:04+00:00\",\"dateModified\":\"2016-05-03T18:58:30+00:00\",\"breadcrumb\":{\"@id\":\"https:\/\/www.zvaki.info\/de\/wer-taetowiert-sie\/#breadcrumb\"},\"inLanguage\":\"de\",\"potentialAction\":[{\"@type\":\"ReadAction\",\"target\":[\"https:\/\/www.zvaki.info\/de\/wer-taetowiert-sie\/\"]}]},{\"@type\":\"BreadcrumbList\",\"@id\":\"https:\/\/www.zvaki.info\/de\/wer-taetowiert-sie\/#breadcrumb\",\"itemListElement\":[{\"@type\":\"ListItem\",\"position\":1,\"name\":\"Po\u010detna stranica\",\"item\":\"https:\/\/www.zvaki.info\/de\/\"},{\"@type\":\"ListItem\",\"position\":2,\"name\":\"Wer t\u00e4towiert Sie?\"}]},{\"@type\":\"WebSite\",\"@id\":\"https:\/\/www.zvaki.info\/#website\",\"url\":\"https:\/\/www.zvaki.info\/\",\"name\":\"Think What You Ink\",\"description\":\"Vodi\u010d kroz tetoviranje\",\"potentialAction\":[{\"@type\":\"SearchAction\",\"target\":{\"@type\":\"EntryPoint\",\"urlTemplate\":\"https:\/\/www.zvaki.info\/?s={search_term_string}\"},\"query-input\":{\"@type\":\"PropertyValueSpecification\",\"valueRequired\":true,\"valueName\":\"search_term_string\"}}],\"inLanguage\":\"de\"}]}<\/script>\n<!-- \/ Yoast SEO plugin. -->","yoast_head_json":{"title":"Wer t\u00e4towiert Sie? - Think What You Ink","robots":{"index":"index","follow":"follow","max-snippet":"max-snippet:-1","max-image-preview":"max-image-preview:large","max-video-preview":"max-video-preview:-1"},"canonical":"https:\/\/www.zvaki.info\/de\/wer-taetowiert-sie\/","og_locale":"de_DE","og_type":"article","og_title":"Wer t\u00e4towiert Sie? - Think What You Ink","og_description":"T\u00e4towierer (Scratcher) Definition Das ist eine Person, die das T\u00e4towieren eher als Hobby betrachtet. M\u00f6glicherweise arbeitet die Person privat bei sich zu Hause. Was Sie erwarten k\u00f6nnen Gute Unterhaltung, g\u00fcnstige T\u00e4towierung, Verf\u00fcgbarkeit, man wartet nicht auf einen Termin &hellip;","og_url":"https:\/\/www.zvaki.info\/de\/wer-taetowiert-sie\/","og_site_name":"Think What You Ink","article_publisher":"https:\/\/www.facebook.com\/anubistattoostudio\/?fref=ts","article_modified_time":"2016-05-03T18:58:30+00:00","og_image":[{"width":1200,"height":630,"url":"https:\/\/www.zvaki.info\/zvaki\/wp-content\/uploads\/2016\/05\/facebook.jpg","type":"image\/jpeg"}],"twitter_card":"summary_large_image","twitter_misc":{"Gesch\u00e4tzte Lesezeit":"1\u00a0Minute"},"schema":{"@context":"https:\/\/schema.org","@graph":[{"@type":"WebPage","@id":"https:\/\/www.zvaki.info\/de\/wer-taetowiert-sie\/","url":"https:\/\/www.zvaki.info\/de\/wer-taetowiert-sie\/","name":"Wer t\u00e4towiert Sie? - Think What You Ink","isPartOf":{"@id":"https:\/\/www.zvaki.info\/#website"},"datePublished":"2016-05-02T19:12:04+00:00","dateModified":"2016-05-03T18:58:30+00:00","breadcrumb":{"@id":"https:\/\/www.zvaki.info\/de\/wer-taetowiert-sie\/#breadcrumb"},"inLanguage":"de","potentialAction":[{"@type":"ReadAction","target":["https:\/\/www.zvaki.info\/de\/wer-taetowiert-sie\/"]}]},{"@type":"BreadcrumbList","@id":"https:\/\/www.zvaki.info\/de\/wer-taetowiert-sie\/#breadcrumb","itemListElement":[{"@type":"ListItem","position":1,"name":"Po\u010detna stranica","item":"https:\/\/www.zvaki.info\/de\/"},{"@type":"ListItem","position":2,"name":"Wer t\u00e4towiert Sie?"}]},{"@type":"WebSite","@id":"https:\/\/www.zvaki.info\/#website","url":"https:\/\/www.zvaki.info\/","name":"Think What You Ink","description":"Vodi\u010d kroz tetoviranje","potentialAction":[{"@type":"SearchAction","target":{"@type":"EntryPoint","urlTemplate":"https:\/\/www.zvaki.info\/?s={search_term_string}"},"query-input":{"@type":"PropertyValueSpecification","valueRequired":true,"valueName":"search_term_string"}}],"inLanguage":"de"}]}},"_links":{"self":[{"href":"https:\/\/www.zvaki.info\/de\/wp-json\/wp\/v2\/pages\/146","targetHints":{"allow":["GET"]}}],"collection":[{"href":"https:\/\/www.zvaki.info\/de\/wp-json\/wp\/v2\/pages"}],"about":[{"href":"https:\/\/www.zvaki.info\/de\/wp-json\/wp\/v2\/types\/page"}],"author":[{"embeddable":true,"href":"https:\/\/www.zvaki.info\/de\/wp-json\/wp\/v2\/users\/1"}],"replies":[{"embeddable":true,"href":"https:\/\/www.zvaki.info\/de\/wp-json\/wp\/v2\/comments?post=146"}],"version-history":[{"count":1,"href":"https:\/\/www.zvaki.info\/de\/wp-json\/wp\/v2\/pages\/146\/revisions"}],"predecessor-version":[{"id":259,"href":"https:\/\/www.zvaki.info\/de\/wp-json\/wp\/v2\/pages\/146\/revisions\/259"}],"wp:attachment":[{"href":"https:\/\/www.zvaki.info\/de\/wp-json\/wp\/v2\/media?parent=146"}],"curies":[{"name":"wp","href":"https:\/\/api.w.org\/{rel}","templated":true}]}}