{"id":144,"date":"2016-05-02T21:14:45","date_gmt":"2016-05-02T19:14:45","guid":{"rendered":"http:\/\/www.zvaki.info\/zvaki\/de\/najcesca-pitanja-klijenata\/"},"modified":"2016-05-03T21:00:12","modified_gmt":"2016-05-03T19:00:12","slug":"die-meist-gestellten-fragen-der-kunden","status":"publish","type":"page","link":"https:\/\/www.zvaki.info\/de\/die-meist-gestellten-fragen-der-kunden\/","title":{"rendered":"Die meist gestellten Fragen der Kunden"},"content":{"rendered":"<p><strong>1. Wie viel kostet eine T\u00e4towierung?<\/strong><\/p>\n<p>Hier handelt es sich nicht um ein fertiges Produkt, welches im Regal steht oder per Kilo verrechnet wird.\u00a0Das ist die gleiche Frage wie: wie viel kostet ein Auto?\u00a0Wenn Sie Ihre W\u00fcnsche zum Auto nicht angeben, werden Sie keine zufriedenstellende Antwort erhalten.\u00a0Das T\u00e4towieren wird meistens per Stunde, pro Termin, Schwierigkeitsgrad, der K\u00f6rperstelle oder auch mit einem vereinbarten Fixpreis beziffert.<\/p>\n<p><strong>2. Ich m\u00f6chte mich gerne so wie diese Person auf dem Bild t\u00e4towieren. Gleiche Gr\u00f6sse, vielleicht auch ein wenig kleiner, aber einen anderen Schriftzug und an einem anderen Ort?<\/strong><\/p>\n<p>Auch wenn ein wenig verwunderlich, aber solche Fragen gibt es mehr als genug.\u00a0Eigentlich habt ihr gefragt: \u201cIch m\u00f6chte das Auto wie auf dem Bild kaufen, gleiche Gr\u00f6sse, vielleicht ein wenig kleiner und ein anderes Model mit anderer Ausstattung.\u00a0Wenn solche Informationen gew\u00fcnscht sind, kommt idealerweise beim Studio vorbei und wir besprechen die genauen Details.<\/p>\n<p><strong>3. Was ist Ihr Startpreis?<\/strong><\/p>\n<p>Die Frage ist v\u00f6llig irrelevant, wichtig ist was Sie erhalten.\u00a0Wenn Sie nach dem g\u00fcnstigsten Auto fragen, so kennen Sie die Antwort selbst.\u00a0Es ist notwendig, zuerst herauszufinden, was Sie wollen, um dann nach einem Preis zu fragen.\u00a0Das g\u00fcnstigste Auto zu kaufen ist lebenslang nie klug.<\/p>\n<p><strong>4. Sie senden ein Bild mit einer fremden T\u00e4towierung und fragen, wie viel das gleiche kostet.<\/strong><\/p>\n<p>Wie bereits erw\u00e4hnt, sind die Tattoos nicht auf Lager. Nicht jedes Tattoo passt zu allen gleicher massen. Idealerweise kommen Sie bei uns vorbei und wir besprechen die Einzelheiten bez\u00fcglich der T\u00e4towierung, die Sie gerne tragen m\u00f6chten.<\/p>\n<p><strong>5. K\u00f6nnen Sie mir per E-Mail Bilder f\u00fcr Unterarm, Brust, Nacken senden\u2026?<\/strong><\/p>\n<p>Alle Ideen, welche Sie an bestimmten K\u00f6rperstellen haben wollen, k\u00f6nnen angepasst werden.\u00a0Die Bilder in der Galerie sind nach Kategorien wie Blumen, Tiere, Tribals, Symbole und nicht nach \u201cH\u00e4nde, Unterarme, Finger\u201d geordnet.<\/p>\n<p><strong>6. Wenn Sie \u00fcber die Website oder Facebook nach unseren \u00d6ffnungszeiten oder Kontaktm\u00f6glichkeiten fragen\u2026<\/strong><\/p>\n<p>Siehe den Link \u201cKontakt\u201d. Dort finden Sie alle ben\u00f6tigten Informationen.<\/p>\n<p><strong>7. Wie schmerzhaft ist es?<\/strong><\/p>\n<p>Schmerzen beim T\u00e4towieren ist ein individuelles Gef\u00fchl. Jemand erlebt es als angenehmes Kribbeln, eine andere Person als Ende der Welt. Alles h\u00e4ngt davon ab, wie sehr Sie sich mental vorbereiten.\u00a0Bei starkem Geiste gibt es keinen Schmerz!<\/p>\n<p><strong>8. Wie lange dauert es sich zum Beispiel eine Rose, 8 \u00d7 8 cm auf dem R\u00fccken t\u00e4towieren zu\u00a0lassen und wie viel kostet es?<\/strong><\/p>\n<p>Die Rose ist ein relativer Begriff.<\/p>\n<p>Die Dauer des Tattoos h\u00e4ngt von folgenden Faktoren ab:<\/p>\n<ul>\n<li>Der zu stechende Stil<\/li>\n<li>Die Geschwindigkeit Ihres Meisters\/K\u00fcnstlers<\/li>\n<li>Der zu t\u00e4towierende K\u00f6rperregion<\/li>\n<li>Die angewendete Technik<\/li>\n<li>Die zu t\u00e4towierende Person<\/li>\n<\/ul>\n<p><strong>Damit all diese Fragen beantwortet werden k\u00f6nnen, besprechen Sie am besten direkt im Studio.<\/strong><\/p>\n","protected":false},"excerpt":{"rendered":"<p>1. Wie viel kostet eine T\u00e4towierung? Hier handelt es sich nicht um ein fertiges Produkt, welches im Regal steht oder per Kilo verrechnet wird.\u00a0Das ist die gleiche Frage wie: wie viel kostet ein Auto?\u00a0Wenn Sie Ihre W\u00fcnsche zum &hellip;<\/p>\n","protected":false},"author":1,"featured_media":0,"parent":0,"menu_order":0,"comment_status":"closed","ping_status":"closed","template":"","meta":{"_acf_changed":false,"footnotes":""},"class_list":["post-144","page","type-page","status-publish","hentry"],"acf":[],"yoast_head":"<!-- This site is optimized with the Yoast SEO plugin v26.4 - https:\/\/yoast.com\/wordpress\/plugins\/seo\/ -->\n<title>Die meist gestellten Fragen der Kunden - Think What You Ink<\/title>\n<meta name=\"robots\" content=\"index, follow, max-snippet:-1, max-image-preview:large, max-video-preview:-1\" \/>\n<link rel=\"canonical\" href=\"https:\/\/www.zvaki.info\/de\/die-meist-gestellten-fragen-der-kunden\/\" \/>\n<meta property=\"og:locale\" content=\"de_DE\" \/>\n<meta property=\"og:type\" content=\"article\" \/>\n<meta property=\"og:title\" content=\"Die meist gestellten Fragen der Kunden - Think What You Ink\" \/>\n<meta property=\"og:description\" content=\"1. Wie viel kostet eine T\u00e4towierung? Hier handelt es sich nicht um ein fertiges Produkt, welches im Regal steht oder per Kilo verrechnet wird.\u00a0Das ist die gleiche Frage wie: wie viel kostet ein Auto?\u00a0Wenn Sie Ihre W\u00fcnsche zum &hellip;\" \/>\n<meta property=\"og:url\" content=\"https:\/\/www.zvaki.info\/de\/die-meist-gestellten-fragen-der-kunden\/\" \/>\n<meta property=\"og:site_name\" content=\"Think What You Ink\" \/>\n<meta property=\"article:publisher\" content=\"https:\/\/www.facebook.com\/anubistattoostudio\/?fref=ts\" \/>\n<meta property=\"article:modified_time\" content=\"2016-05-03T19:00:12+00:00\" \/>\n<meta property=\"og:image\" content=\"https:\/\/www.zvaki.info\/zvaki\/wp-content\/uploads\/2016\/05\/facebook.jpg\" \/>\n\t<meta property=\"og:image:width\" content=\"1200\" \/>\n\t<meta property=\"og:image:height\" content=\"630\" \/>\n\t<meta property=\"og:image:type\" content=\"image\/jpeg\" \/>\n<meta name=\"twitter:card\" content=\"summary_large_image\" \/>\n<meta name=\"twitter:label1\" content=\"Gesch\u00e4tzte Lesezeit\" \/>\n\t<meta name=\"twitter:data1\" content=\"2\u00a0Minuten\" \/>\n<script type=\"application\/ld+json\" class=\"yoast-schema-graph\">{\"@context\":\"https:\/\/schema.org\",\"@graph\":[{\"@type\":\"WebPage\",\"@id\":\"https:\/\/www.zvaki.info\/de\/die-meist-gestellten-fragen-der-kunden\/\",\"url\":\"https:\/\/www.zvaki.info\/de\/die-meist-gestellten-fragen-der-kunden\/\",\"name\":\"Die meist gestellten Fragen der Kunden - Think What You Ink\",\"isPartOf\":{\"@id\":\"https:\/\/www.zvaki.info\/#website\"},\"datePublished\":\"2016-05-02T19:14:45+00:00\",\"dateModified\":\"2016-05-03T19:00:12+00:00\",\"breadcrumb\":{\"@id\":\"https:\/\/www.zvaki.info\/de\/die-meist-gestellten-fragen-der-kunden\/#breadcrumb\"},\"inLanguage\":\"de\",\"potentialAction\":[{\"@type\":\"ReadAction\",\"target\":[\"https:\/\/www.zvaki.info\/de\/die-meist-gestellten-fragen-der-kunden\/\"]}]},{\"@type\":\"BreadcrumbList\",\"@id\":\"https:\/\/www.zvaki.info\/de\/die-meist-gestellten-fragen-der-kunden\/#breadcrumb\",\"itemListElement\":[{\"@type\":\"ListItem\",\"position\":1,\"name\":\"Po\u010detna stranica\",\"item\":\"https:\/\/www.zvaki.info\/de\/\"},{\"@type\":\"ListItem\",\"position\":2,\"name\":\"Die meist gestellten Fragen der Kunden\"}]},{\"@type\":\"WebSite\",\"@id\":\"https:\/\/www.zvaki.info\/#website\",\"url\":\"https:\/\/www.zvaki.info\/\",\"name\":\"Think What You Ink\",\"description\":\"Vodi\u010d kroz tetoviranje\",\"potentialAction\":[{\"@type\":\"SearchAction\",\"target\":{\"@type\":\"EntryPoint\",\"urlTemplate\":\"https:\/\/www.zvaki.info\/?s={search_term_string}\"},\"query-input\":{\"@type\":\"PropertyValueSpecification\",\"valueRequired\":true,\"valueName\":\"search_term_string\"}}],\"inLanguage\":\"de\"}]}<\/script>\n<!-- \/ Yoast SEO plugin. -->","yoast_head_json":{"title":"Die meist gestellten Fragen der Kunden - Think What You Ink","robots":{"index":"index","follow":"follow","max-snippet":"max-snippet:-1","max-image-preview":"max-image-preview:large","max-video-preview":"max-video-preview:-1"},"canonical":"https:\/\/www.zvaki.info\/de\/die-meist-gestellten-fragen-der-kunden\/","og_locale":"de_DE","og_type":"article","og_title":"Die meist gestellten Fragen der Kunden - Think What You Ink","og_description":"1. Wie viel kostet eine T\u00e4towierung? Hier handelt es sich nicht um ein fertiges Produkt, welches im Regal steht oder per Kilo verrechnet wird.\u00a0Das ist die gleiche Frage wie: wie viel kostet ein Auto?\u00a0Wenn Sie Ihre W\u00fcnsche zum &hellip;","og_url":"https:\/\/www.zvaki.info\/de\/die-meist-gestellten-fragen-der-kunden\/","og_site_name":"Think What You Ink","article_publisher":"https:\/\/www.facebook.com\/anubistattoostudio\/?fref=ts","article_modified_time":"2016-05-03T19:00:12+00:00","og_image":[{"width":1200,"height":630,"url":"https:\/\/www.zvaki.info\/zvaki\/wp-content\/uploads\/2016\/05\/facebook.jpg","type":"image\/jpeg"}],"twitter_card":"summary_large_image","twitter_misc":{"Gesch\u00e4tzte Lesezeit":"2\u00a0Minuten"},"schema":{"@context":"https:\/\/schema.org","@graph":[{"@type":"WebPage","@id":"https:\/\/www.zvaki.info\/de\/die-meist-gestellten-fragen-der-kunden\/","url":"https:\/\/www.zvaki.info\/de\/die-meist-gestellten-fragen-der-kunden\/","name":"Die meist gestellten Fragen der Kunden - Think What You Ink","isPartOf":{"@id":"https:\/\/www.zvaki.info\/#website"},"datePublished":"2016-05-02T19:14:45+00:00","dateModified":"2016-05-03T19:00:12+00:00","breadcrumb":{"@id":"https:\/\/www.zvaki.info\/de\/die-meist-gestellten-fragen-der-kunden\/#breadcrumb"},"inLanguage":"de","potentialAction":[{"@type":"ReadAction","target":["https:\/\/www.zvaki.info\/de\/die-meist-gestellten-fragen-der-kunden\/"]}]},{"@type":"BreadcrumbList","@id":"https:\/\/www.zvaki.info\/de\/die-meist-gestellten-fragen-der-kunden\/#breadcrumb","itemListElement":[{"@type":"ListItem","position":1,"name":"Po\u010detna stranica","item":"https:\/\/www.zvaki.info\/de\/"},{"@type":"ListItem","position":2,"name":"Die meist gestellten Fragen der Kunden"}]},{"@type":"WebSite","@id":"https:\/\/www.zvaki.info\/#website","url":"https:\/\/www.zvaki.info\/","name":"Think What You Ink","description":"Vodi\u010d kroz tetoviranje","potentialAction":[{"@type":"SearchAction","target":{"@type":"EntryPoint","urlTemplate":"https:\/\/www.zvaki.info\/?s={search_term_string}"},"query-input":{"@type":"PropertyValueSpecification","valueRequired":true,"valueName":"search_term_string"}}],"inLanguage":"de"}]}},"_links":{"self":[{"href":"https:\/\/www.zvaki.info\/de\/wp-json\/wp\/v2\/pages\/144","targetHints":{"allow":["GET"]}}],"collection":[{"href":"https:\/\/www.zvaki.info\/de\/wp-json\/wp\/v2\/pages"}],"about":[{"href":"https:\/\/www.zvaki.info\/de\/wp-json\/wp\/v2\/types\/page"}],"author":[{"embeddable":true,"href":"https:\/\/www.zvaki.info\/de\/wp-json\/wp\/v2\/users\/1"}],"replies":[{"embeddable":true,"href":"https:\/\/www.zvaki.info\/de\/wp-json\/wp\/v2\/comments?post=144"}],"version-history":[{"count":2,"href":"https:\/\/www.zvaki.info\/de\/wp-json\/wp\/v2\/pages\/144\/revisions"}],"predecessor-version":[{"id":261,"href":"https:\/\/www.zvaki.info\/de\/wp-json\/wp\/v2\/pages\/144\/revisions\/261"}],"wp:attachment":[{"href":"https:\/\/www.zvaki.info\/de\/wp-json\/wp\/v2\/media?parent=144"}],"curies":[{"name":"wp","href":"https:\/\/api.w.org\/{rel}","templated":true}]}}